{"id":2632,"date":"2026-03-16T16:35:44","date_gmt":"2026-03-16T20:35:44","guid":{"rendered":"https:\/\/www.augustines.ca\/credits-darchives\/"},"modified":"2026-03-31T15:36:18","modified_gmt":"2026-03-31T19:36:18","slug":"archives-credits","status":"publish","type":"page","link":"https:\/\/www.augustines.ca\/en\/archives-credits\/","title":{"rendered":"Archives credits"},"content":{"rendered":"<div class=\"item wysiwyg component-buttons\"  ><div class=\"container\">\n<div class=\"wp-block-buttons is-content-justification-center is-layout-flex wp-container-core-buttons-is-layout-16018d1d wp-block-buttons-is-layout-flex\">\n<div class=\"wp-block-button is-style-button--secondary\"><a class=\"wp-block-button__link has-text-align-center wp-element-button\" href=\"https:\/\/archives.monastere.ca\/en\">Visit the archives portal<\/a><\/div>\n<\/div>\n<\/div><\/div>\n\n<div class=\"item wysiwyg component-columns\"  ><div class=\"container\">\n<div class=\"wp-block-columns is-layout-flex wp-container-core-columns-is-layout-9d6595d7 wp-block-columns-is-layout-flex\">\n<div class=\"wp-block-column is-layout-flow wp-block-column-is-layout-flow\"><div class=\"item wysiwyg component-image\"  ><div class=\"container\">\n<figure class=\"wp-block-image size-large\"><img loading=\"lazy\" decoding=\"async\" width=\"1024\" height=\"683\" src=\"https:\/\/www.augustines.ca\/wp-content\/uploads\/2026\/03\/1-1024x683.png\" alt=\"\" class=\"wp-image-2580\" srcset=\"https:\/\/www.augustines.ca\/wp-content\/uploads\/2026\/03\/1-1024x683.png 1024w, https:\/\/www.augustines.ca\/wp-content\/uploads\/2026\/03\/1-300x200.png 300w, https:\/\/www.augustines.ca\/wp-content\/uploads\/2026\/03\/1-768x512.png 768w, https:\/\/www.augustines.ca\/wp-content\/uploads\/2026\/03\/1-1536x1024.png 1536w, https:\/\/www.augustines.ca\/wp-content\/uploads\/2026\/03\/1-1400x933.png 1400w, https:\/\/www.augustines.ca\/wp-content\/uploads\/2026\/03\/1-800x533.png 800w, https:\/\/www.augustines.ca\/wp-content\/uploads\/2026\/03\/1.png 1800w\" sizes=\"auto, (max-width: 1024px) 100vw, 1024px\" \/><figcaption class=\"wp-element-caption\">Cr\u00e9dit: S\u0153ur Marie-Paule Cauchon dans les vo\u00fbtes de l\u2019aile du jardin, 2008,&nbsp;fonds Monast\u00e8re de l\u2019H\u00f4tel-Dieu de Qu\u00e9bec, photo\u202f: Claire Dufour<\/figcaption><\/figure>\n<\/div><\/div><\/div>\n\n\n\n<div class=\"wp-block-column is-layout-flow wp-block-column-is-layout-flow\"><div class=\"item wysiwyg component-image\"  ><div class=\"container\">\n<figure class=\"wp-block-image size-large\"><img loading=\"lazy\" decoding=\"async\" width=\"1024\" height=\"683\" src=\"https:\/\/www.augustines.ca\/wp-content\/uploads\/2026\/03\/8-1024x683.png\" alt=\"\" class=\"wp-image-2560\" srcset=\"https:\/\/www.augustines.ca\/wp-content\/uploads\/2026\/03\/8-1024x683.png 1024w, https:\/\/www.augustines.ca\/wp-content\/uploads\/2026\/03\/8-300x200.png 300w, https:\/\/www.augustines.ca\/wp-content\/uploads\/2026\/03\/8-768x512.png 768w, https:\/\/www.augustines.ca\/wp-content\/uploads\/2026\/03\/8-1536x1024.png 1536w, https:\/\/www.augustines.ca\/wp-content\/uploads\/2026\/03\/8-1400x933.png 1400w, https:\/\/www.augustines.ca\/wp-content\/uploads\/2026\/03\/8-800x533.png 800w, https:\/\/www.augustines.ca\/wp-content\/uploads\/2026\/03\/8.png 1800w\" sizes=\"auto, (max-width: 1024px) 100vw, 1024px\" \/><figcaption class=\"wp-element-caption\">Cr\u00e9dit: Salle Sainte-Anne lors du service des repas, 1877, fonds H\u00f4tel-Dieu de Qu\u00e9bec, photo\u202f:&nbsp;Louis-Prudent Vall\u00e9e<\/figcaption><\/figure>\n<\/div><\/div><\/div>\n\n\n\n<div class=\"wp-block-column is-layout-flow wp-block-column-is-layout-flow\"><div class=\"item wysiwyg component-image\"  ><div class=\"container\">\n<figure class=\"wp-block-image size-large\"><img loading=\"lazy\" decoding=\"async\" width=\"1024\" height=\"683\" src=\"https:\/\/www.augustines.ca\/wp-content\/uploads\/2026\/03\/5-1024x683.png\" alt=\"\" class=\"wp-image-2554\" srcset=\"https:\/\/www.augustines.ca\/wp-content\/uploads\/2026\/03\/5-1024x683.png 1024w, https:\/\/www.augustines.ca\/wp-content\/uploads\/2026\/03\/5-300x200.png 300w, https:\/\/www.augustines.ca\/wp-content\/uploads\/2026\/03\/5-768x512.png 768w, https:\/\/www.augustines.ca\/wp-content\/uploads\/2026\/03\/5-1536x1024.png 1536w, https:\/\/www.augustines.ca\/wp-content\/uploads\/2026\/03\/5-1400x933.png 1400w, https:\/\/www.augustines.ca\/wp-content\/uploads\/2026\/03\/5-800x533.png 800w, https:\/\/www.augustines.ca\/wp-content\/uploads\/2026\/03\/5.png 1800w\" sizes=\"auto, (max-width: 1024px) 100vw, 1024px\" \/><figcaption class=\"wp-element-caption\">Cr\u00e9dit: Groupe de religieuses marchant dans le jardin de la communaut\u00e9,&nbsp;29 ao\u00fbt&nbsp;2013, fonds&nbsp;Fiducie du patrimoine culturel des Augustines, photo\u202f: Val\u00e9rie Busque&nbsp;<\/figcaption><\/figure>\n<\/div><\/div><\/div>\n<\/div>\n<\/div><\/div>\n\n<div class=\"item wysiwyg component-columns\"  ><div class=\"container\">\n<div class=\"wp-block-columns is-layout-flex wp-container-core-columns-is-layout-9d6595d7 wp-block-columns-is-layout-flex\">\n<div class=\"wp-block-column is-layout-flow wp-block-column-is-layout-flow\"><div class=\"item wysiwyg component-image\"  ><div class=\"container\">\n<figure class=\"wp-block-image size-large\"><img loading=\"lazy\" decoding=\"async\" width=\"1024\" height=\"683\" src=\"https:\/\/www.augustines.ca\/wp-content\/uploads\/2026\/03\/15-1024x683.png\" alt=\"\" class=\"wp-image-2574\" srcset=\"https:\/\/www.augustines.ca\/wp-content\/uploads\/2026\/03\/15-1024x683.png 1024w, https:\/\/www.augustines.ca\/wp-content\/uploads\/2026\/03\/15-300x200.png 300w, https:\/\/www.augustines.ca\/wp-content\/uploads\/2026\/03\/15-768x512.png 768w, https:\/\/www.augustines.ca\/wp-content\/uploads\/2026\/03\/15-1536x1024.png 1536w, https:\/\/www.augustines.ca\/wp-content\/uploads\/2026\/03\/15-1400x933.png 1400w, https:\/\/www.augustines.ca\/wp-content\/uploads\/2026\/03\/15-800x533.png 800w, https:\/\/www.augustines.ca\/wp-content\/uploads\/2026\/03\/15.png 1800w\" sizes=\"auto, (max-width: 1024px) 100vw, 1024px\" \/><figcaption class=\"wp-element-caption\">Cr\u00e9dit: C\u00e9l\u00e9bration du 300<sup>e<\/sup>&nbsp;anniversaire de fondation, 1939, fonds Monast\u00e8re de l\u2019H\u00f4tel-Dieu de Qu\u00e9bec<\/figcaption><\/figure>\n<\/div><\/div><\/div>\n\n\n\n<div class=\"wp-block-column is-layout-flow wp-block-column-is-layout-flow\"><div class=\"item wysiwyg component-image\"  ><div class=\"container\">\n<figure class=\"wp-block-image size-large\"><img loading=\"lazy\" decoding=\"async\" width=\"1024\" height=\"683\" src=\"https:\/\/www.augustines.ca\/wp-content\/uploads\/2026\/03\/7-1024x683.png\" alt=\"\" class=\"wp-image-2558\" srcset=\"https:\/\/www.augustines.ca\/wp-content\/uploads\/2026\/03\/7-1024x683.png 1024w, https:\/\/www.augustines.ca\/wp-content\/uploads\/2026\/03\/7-300x200.png 300w, https:\/\/www.augustines.ca\/wp-content\/uploads\/2026\/03\/7-768x512.png 768w, https:\/\/www.augustines.ca\/wp-content\/uploads\/2026\/03\/7-1536x1024.png 1536w, https:\/\/www.augustines.ca\/wp-content\/uploads\/2026\/03\/7-1400x933.png 1400w, https:\/\/www.augustines.ca\/wp-content\/uploads\/2026\/03\/7-800x533.png 800w, https:\/\/www.augustines.ca\/wp-content\/uploads\/2026\/03\/7.png 1800w\" sizes=\"auto, (max-width: 1024px) 100vw, 1024px\" \/><figcaption class=\"wp-element-caption\">Cr\u00e9dit: Vue a\u00e9rienne de l&#8217;H\u00f4tel-Dieu de Qu\u00e9bec, 1938, fonds H\u00f4tel-Dieu de Qu\u00e9bec, photo\u202f:&nbsp;W. B. Edwards<\/figcaption><\/figure>\n<\/div><\/div><\/div>\n\n\n\n<div class=\"wp-block-column is-layout-flow wp-block-column-is-layout-flow\"><div class=\"item wysiwyg component-image\"  ><div class=\"container\">\n<figure class=\"wp-block-image size-large\"><img loading=\"lazy\" decoding=\"async\" width=\"1024\" height=\"683\" src=\"https:\/\/www.augustines.ca\/wp-content\/uploads\/2026\/03\/12-1024x683.png\" alt=\"\" class=\"wp-image-2568\" srcset=\"https:\/\/www.augustines.ca\/wp-content\/uploads\/2026\/03\/12-1024x683.png 1024w, https:\/\/www.augustines.ca\/wp-content\/uploads\/2026\/03\/12-300x200.png 300w, https:\/\/www.augustines.ca\/wp-content\/uploads\/2026\/03\/12-768x512.png 768w, https:\/\/www.augustines.ca\/wp-content\/uploads\/2026\/03\/12-1536x1024.png 1536w, https:\/\/www.augustines.ca\/wp-content\/uploads\/2026\/03\/12-1400x933.png 1400w, https:\/\/www.augustines.ca\/wp-content\/uploads\/2026\/03\/12-800x533.png 800w, https:\/\/www.augustines.ca\/wp-content\/uploads\/2026\/03\/12.png 1800w\" sizes=\"auto, (max-width: 1024px) 100vw, 1024px\" \/><figcaption class=\"wp-element-caption\">Cr\u00e9dit: Signature de l&#8217;acte de vente par s\u0153ur Th\u00e9r\u00e8se Rioux, sup\u00e9rieure, 1995, fonds Monast\u00e8re de l&#8217;H\u00f4tel-Dieu de Gasp\u00e9<\/figcaption><\/figure>\n<\/div><\/div><\/div>\n<\/div>\n<\/div><\/div>\n\n<div class=\"item wysiwyg component-columns\"  ><div class=\"container\">\n<div class=\"wp-block-columns is-layout-flex wp-container-core-columns-is-layout-9d6595d7 wp-block-columns-is-layout-flex\">\n<div class=\"wp-block-column is-layout-flow wp-block-column-is-layout-flow\"><div class=\"item wysiwyg component-image\"  ><div class=\"container\">\n<figure class=\"wp-block-image size-large\"><img loading=\"lazy\" decoding=\"async\" width=\"1024\" height=\"683\" src=\"https:\/\/www.augustines.ca\/wp-content\/uploads\/2026\/03\/Creation-sans-titre-26-1024x683.png\" alt=\"\" class=\"wp-image-2590\" srcset=\"https:\/\/www.augustines.ca\/wp-content\/uploads\/2026\/03\/Creation-sans-titre-26-1024x683.png 1024w, https:\/\/www.augustines.ca\/wp-content\/uploads\/2026\/03\/Creation-sans-titre-26-300x200.png 300w, https:\/\/www.augustines.ca\/wp-content\/uploads\/2026\/03\/Creation-sans-titre-26-768x512.png 768w, https:\/\/www.augustines.ca\/wp-content\/uploads\/2026\/03\/Creation-sans-titre-26-1536x1024.png 1536w, https:\/\/www.augustines.ca\/wp-content\/uploads\/2026\/03\/Creation-sans-titre-26-1400x933.png 1400w, https:\/\/www.augustines.ca\/wp-content\/uploads\/2026\/03\/Creation-sans-titre-26-800x533.png 800w, https:\/\/www.augustines.ca\/wp-content\/uploads\/2026\/03\/Creation-sans-titre-26.png 1800w\" sizes=\"auto, (max-width: 1024px) 100vw, 1024px\" \/><figcaption class=\"wp-element-caption\">Cr\u00e9dit: Groupe de participantes au chapitre g\u00e9n\u00e9ral, 2000, fonds F\u00e9d\u00e9ration des&nbsp;Monast\u00e8res des Augustines<\/figcaption><\/figure>\n<\/div><\/div><\/div>\n\n\n\n<div class=\"wp-block-column is-layout-flow wp-block-column-is-layout-flow\"><div class=\"item wysiwyg component-image\"  ><div class=\"container\">\n<figure class=\"wp-block-image size-large\"><img loading=\"lazy\" decoding=\"async\" width=\"1024\" height=\"683\" src=\"https:\/\/www.augustines.ca\/wp-content\/uploads\/2026\/03\/2-1024x683.png\" alt=\"\" class=\"wp-image-2582\" srcset=\"https:\/\/www.augustines.ca\/wp-content\/uploads\/2026\/03\/2-1024x683.png 1024w, https:\/\/www.augustines.ca\/wp-content\/uploads\/2026\/03\/2-300x200.png 300w, https:\/\/www.augustines.ca\/wp-content\/uploads\/2026\/03\/2-768x512.png 768w, https:\/\/www.augustines.ca\/wp-content\/uploads\/2026\/03\/2-1536x1024.png 1536w, https:\/\/www.augustines.ca\/wp-content\/uploads\/2026\/03\/2-1400x933.png 1400w, https:\/\/www.augustines.ca\/wp-content\/uploads\/2026\/03\/2-800x533.png 800w, https:\/\/www.augustines.ca\/wp-content\/uploads\/2026\/03\/2.png 1800w\" sizes=\"auto, (max-width: 1024px) 100vw, 1024px\" \/><figcaption class=\"wp-element-caption\">Cr\u00e9dit: Signature de l&#8217;acte de vente par s\u0153ur&nbsp;Lise Tanguay, sup\u00e9rieure&nbsp;g\u00e9n\u00e9rale,&nbsp;21 novembre 2012, fonds&nbsp;F\u00e9d\u00e9ration<\/figcaption><\/figure>\n<\/div><\/div><\/div>\n\n\n\n<div class=\"wp-block-column is-layout-flow wp-block-column-is-layout-flow\"><div class=\"item wysiwyg component-image\"  ><div class=\"container\">\n<figure class=\"wp-block-image size-large\"><img loading=\"lazy\" decoding=\"async\" width=\"1024\" height=\"683\" src=\"https:\/\/www.augustines.ca\/wp-content\/uploads\/2026\/03\/6-1024x683.png\" alt=\"\" class=\"wp-image-2556\" srcset=\"https:\/\/www.augustines.ca\/wp-content\/uploads\/2026\/03\/6-1024x683.png 1024w, https:\/\/www.augustines.ca\/wp-content\/uploads\/2026\/03\/6-300x200.png 300w, https:\/\/www.augustines.ca\/wp-content\/uploads\/2026\/03\/6-768x512.png 768w, https:\/\/www.augustines.ca\/wp-content\/uploads\/2026\/03\/6-1536x1024.png 1536w, https:\/\/www.augustines.ca\/wp-content\/uploads\/2026\/03\/6-1400x933.png 1400w, https:\/\/www.augustines.ca\/wp-content\/uploads\/2026\/03\/6-800x533.png 800w, https:\/\/www.augustines.ca\/wp-content\/uploads\/2026\/03\/6.png 1800w\" sizes=\"auto, (max-width: 1024px) 100vw, 1024px\" \/><figcaption class=\"wp-element-caption\">Cr\u00e9dit: Coupe du ruban lors de l&#8217;inauguration du Monast\u00e8re des Augustines, 1er ao\u00fbt 2015, fonds Le Monast\u00e8re des Augustines<\/figcaption><\/figure>\n<\/div><\/div><\/div>\n<\/div>\n<\/div><\/div>\n\n<div class=\"item wysiwyg component-columns\"  ><div class=\"container\">\n<div class=\"wp-block-columns is-layout-flex wp-container-core-columns-is-layout-9d6595d7 wp-block-columns-is-layout-flex\">\n<div class=\"wp-block-column is-layout-flow wp-block-column-is-layout-flow\"><div class=\"item wysiwyg component-image\"  ><div class=\"container\">\n<figure class=\"wp-block-image size-large\"><img loading=\"lazy\" decoding=\"async\" width=\"1800\" height=\"1200\" src=\"https:\/\/www.augustines.ca\/wp-content\/uploads\/2026\/03\/3-1024x683.png\" alt=\"\" class=\"wp-image-2584\" srcset=\"https:\/\/www.augustines.ca\/wp-content\/uploads\/2026\/03\/3-1024x683.png 1024w, https:\/\/www.augustines.ca\/wp-content\/uploads\/2026\/03\/3-300x200.png 300w, https:\/\/www.augustines.ca\/wp-content\/uploads\/2026\/03\/3-768x512.png 768w, https:\/\/www.augustines.ca\/wp-content\/uploads\/2026\/03\/3-1536x1024.png 1536w, https:\/\/www.augustines.ca\/wp-content\/uploads\/2026\/03\/3-1400x933.png 1400w, https:\/\/www.augustines.ca\/wp-content\/uploads\/2026\/03\/3-800x533.png 800w, https:\/\/www.augustines.ca\/wp-content\/uploads\/2026\/03\/3.png 1800w\" sizes=\"auto, (max-width: 1800px) 100vw, 1800px\" \/><figcaption class=\"wp-element-caption\">Cr\u00e9dit: Reconnaissance internationale des archives des Augustines&nbsp;au Registre M\u00e9moire du monde de l\u2019UNESCO, 16 octobre 2023, fonds Le Monast\u00e8re des Augustines, photo\u202f: Louise Leblanc<\/figcaption><\/figure>\n<\/div><\/div><\/div>\n\n\n\n<div class=\"wp-block-column is-layout-flow wp-block-column-is-layout-flow\"><div class=\"item wysiwyg component-image\"  ><div class=\"container\">\n<figure class=\"wp-block-image size-large\"><img loading=\"lazy\" decoding=\"async\" width=\"1024\" height=\"683\" src=\"https:\/\/www.augustines.ca\/wp-content\/uploads\/2026\/03\/4-1024x683.png\" alt=\"\" class=\"wp-image-2586\" srcset=\"https:\/\/www.augustines.ca\/wp-content\/uploads\/2026\/03\/4-1024x683.png 1024w, https:\/\/www.augustines.ca\/wp-content\/uploads\/2026\/03\/4-300x200.png 300w, https:\/\/www.augustines.ca\/wp-content\/uploads\/2026\/03\/4-768x512.png 768w, https:\/\/www.augustines.ca\/wp-content\/uploads\/2026\/03\/4-1536x1024.png 1536w, https:\/\/www.augustines.ca\/wp-content\/uploads\/2026\/03\/4-1400x933.png 1400w, https:\/\/www.augustines.ca\/wp-content\/uploads\/2026\/03\/4-800x533.png 800w, https:\/\/www.augustines.ca\/wp-content\/uploads\/2026\/03\/4.png 1800w\" sizes=\"auto, (max-width: 1024px) 100vw, 1024px\" \/><figcaption class=\"wp-element-caption\">Cr\u00e9dit: S\u0153ur C\u00e9cile&nbsp;Gu\u00e9rard&nbsp;avec un patient aux soins intensifs,&nbsp;juillet 1967,&nbsp;fonds H\u00f4tel-Dieu de Qu\u00e9bec<\/figcaption><\/figure>\n<\/div><\/div><\/div>\n\n\n\n<div class=\"wp-block-column is-layout-flow wp-block-column-is-layout-flow\"><div class=\"item wysiwyg component-image\"  ><div class=\"container\">\n<figure class=\"wp-block-image size-large\"><img loading=\"lazy\" decoding=\"async\" width=\"1024\" height=\"683\" src=\"https:\/\/www.augustines.ca\/wp-content\/uploads\/2026\/03\/14-1024x683.png\" alt=\"\" class=\"wp-image-2572\" srcset=\"https:\/\/www.augustines.ca\/wp-content\/uploads\/2026\/03\/14-1024x683.png 1024w, https:\/\/www.augustines.ca\/wp-content\/uploads\/2026\/03\/14-300x200.png 300w, https:\/\/www.augustines.ca\/wp-content\/uploads\/2026\/03\/14-768x512.png 768w, https:\/\/www.augustines.ca\/wp-content\/uploads\/2026\/03\/14-1536x1024.png 1536w, https:\/\/www.augustines.ca\/wp-content\/uploads\/2026\/03\/14-1400x933.png 1400w, https:\/\/www.augustines.ca\/wp-content\/uploads\/2026\/03\/14-800x533.png 800w, https:\/\/www.augustines.ca\/wp-content\/uploads\/2026\/03\/14.png 1800w\" sizes=\"auto, (max-width: 1024px) 100vw, 1024px\" \/><figcaption class=\"wp-element-caption\">Cr\u00e9dit: S\u0153ur Catherine Hardy au t\u00e9l\u00e9phone, 1978, fonds Collection Pierre Bernier<\/figcaption><\/figure>\n<\/div><\/div><\/div>\n<\/div>\n<\/div><\/div>\n\n<div class=\"item wysiwyg component-columns\"  ><div class=\"container\">\n<div class=\"wp-block-columns is-layout-flex wp-container-core-columns-is-layout-9d6595d7 wp-block-columns-is-layout-flex\">\n<div class=\"wp-block-column is-layout-flow wp-block-column-is-layout-flow\"><div class=\"item wysiwyg component-image\"  ><div class=\"container\">\n<figure class=\"wp-block-image size-large\"><img loading=\"lazy\" decoding=\"async\" width=\"1024\" height=\"683\" src=\"https:\/\/www.augustines.ca\/wp-content\/uploads\/2026\/03\/9-1024x683.png\" alt=\"\" class=\"wp-image-2562\" srcset=\"https:\/\/www.augustines.ca\/wp-content\/uploads\/2026\/03\/9-1024x683.png 1024w, https:\/\/www.augustines.ca\/wp-content\/uploads\/2026\/03\/9-300x200.png 300w, https:\/\/www.augustines.ca\/wp-content\/uploads\/2026\/03\/9-768x512.png 768w, https:\/\/www.augustines.ca\/wp-content\/uploads\/2026\/03\/9-1536x1024.png 1536w, https:\/\/www.augustines.ca\/wp-content\/uploads\/2026\/03\/9-1400x933.png 1400w, https:\/\/www.augustines.ca\/wp-content\/uploads\/2026\/03\/9-800x533.png 800w, https:\/\/www.augustines.ca\/wp-content\/uploads\/2026\/03\/9.png 1800w\" sizes=\"auto, (max-width: 1024px) 100vw, 1024px\" \/><figcaption class=\"wp-element-caption\">Cr\u00e9dit: S\u0153ur B\u00e9atrice&nbsp;Laquerre&nbsp;\u00e0 son bureau, 1978, fonds Collection Pierre Bernier<\/figcaption><\/figure>\n<\/div><\/div><\/div>\n\n\n\n<div class=\"wp-block-column is-layout-flow wp-block-column-is-layout-flow\"><div class=\"item wysiwyg component-image\"  ><div class=\"container\">\n<figure class=\"wp-block-image size-large\"><img loading=\"lazy\" decoding=\"async\" width=\"1024\" height=\"683\" src=\"https:\/\/www.augustines.ca\/wp-content\/uploads\/2026\/03\/13-1024x683.png\" alt=\"\" class=\"wp-image-2570\" srcset=\"https:\/\/www.augustines.ca\/wp-content\/uploads\/2026\/03\/13-1024x683.png 1024w, https:\/\/www.augustines.ca\/wp-content\/uploads\/2026\/03\/13-300x200.png 300w, https:\/\/www.augustines.ca\/wp-content\/uploads\/2026\/03\/13-768x512.png 768w, https:\/\/www.augustines.ca\/wp-content\/uploads\/2026\/03\/13-1536x1024.png 1536w, https:\/\/www.augustines.ca\/wp-content\/uploads\/2026\/03\/13-1400x933.png 1400w, https:\/\/www.augustines.ca\/wp-content\/uploads\/2026\/03\/13-800x533.png 800w, https:\/\/www.augustines.ca\/wp-content\/uploads\/2026\/03\/13.png 1800w\" sizes=\"auto, (max-width: 1024px) 100vw, 1024px\" \/><figcaption class=\"wp-element-caption\">Cr\u00e9dit:&nbsp;La Duchesse d&#8217;Aiguillon par Balthasar Moncornet, 17<sup>e<\/sup>&nbsp;si\u00e8cle, collection du monast\u00e8re de l\u2019H\u00f4tel-Dieu de Qu\u00e9bec&nbsp;<\/figcaption><\/figure>\n<\/div><\/div><\/div>\n\n\n\n<div class=\"wp-block-column is-layout-flow wp-block-column-is-layout-flow\"><div class=\"item wysiwyg component-paragraph\"  ><div class=\"container\">\n<p><\/p>\n<\/div><\/div><\/div>\n<\/div>\n<\/div><\/div>\n\n<div class=\"item wysiwyg component-paragraph\"  ><div class=\"container\">\n<p><\/p>\n<\/div><\/div>","protected":false},"excerpt":{"rendered":"","protected":false},"author":8,"featured_media":0,"parent":0,"menu_order":0,"comment_status":"closed","ping_status":"closed","template":"","meta":{"_acf_changed":false,"footnotes":""},"class_list":["post-2632","page","type-page","status-publish","hentry"],"acf":[],"yoast_head":"<!-- This site is optimized with the Yoast SEO plugin v25.5 - https:\/\/yoast.com\/wordpress\/plugins\/seo\/ -->\n<title>Archives credits - augustines<\/title>\n<meta name=\"robots\" content=\"index, follow, max-snippet:-1, max-image-preview:large, max-video-preview:-1\" \/>\n<link rel=\"canonical\" href=\"https:\/\/www.augustines.ca\/en\/archives-credits\/\" \/>\n<meta property=\"og:locale\" content=\"en_US\" \/>\n<meta property=\"og:type\" content=\"article\" \/>\n<meta property=\"og:title\" content=\"Archives credits - augustines\" \/>\n<meta property=\"og:url\" content=\"https:\/\/www.augustines.ca\/en\/archives-credits\/\" \/>\n<meta property=\"og:site_name\" content=\"augustines\" \/>\n<meta property=\"article:modified_time\" content=\"2026-03-31T19:36:18+00:00\" \/>\n<meta property=\"og:image\" content=\"https:\/\/www.augustines.ca\/wp-content\/uploads\/2026\/03\/1.png\" \/>\n\t<meta property=\"og:image:width\" content=\"1800\" \/>\n\t<meta property=\"og:image:height\" content=\"1200\" \/>\n\t<meta property=\"og:image:type\" content=\"image\/png\" \/>\n<meta name=\"twitter:card\" content=\"summary_large_image\" \/>\n<meta name=\"twitter:label1\" content=\"Est. reading time\" \/>\n\t<meta name=\"twitter:data1\" content=\"5 minutes\" \/>\n<script type=\"application\/ld+json\" class=\"yoast-schema-graph\">{\"@context\":\"https:\/\/schema.org\",\"@graph\":[{\"@type\":\"WebPage\",\"@id\":\"https:\/\/www.augustines.ca\/en\/archives-credits\/\",\"url\":\"https:\/\/www.augustines.ca\/en\/archives-credits\/\",\"name\":\"Archives credits - augustines\",\"isPartOf\":{\"@id\":\"https:\/\/www.augustines.ca\/#website\"},\"primaryImageOfPage\":{\"@id\":\"https:\/\/www.augustines.ca\/en\/archives-credits\/#primaryimage\"},\"image\":{\"@id\":\"https:\/\/www.augustines.ca\/en\/archives-credits\/#primaryimage\"},\"thumbnailUrl\":\"https:\/\/www.augustines.ca\/wp-content\/uploads\/2026\/03\/1-1024x683.png\",\"datePublished\":\"2026-03-16T20:35:44+00:00\",\"dateModified\":\"2026-03-31T19:36:18+00:00\",\"breadcrumb\":{\"@id\":\"https:\/\/www.augustines.ca\/en\/archives-credits\/#breadcrumb\"},\"inLanguage\":\"en-US\",\"potentialAction\":[{\"@type\":\"ReadAction\",\"target\":[\"https:\/\/www.augustines.ca\/en\/archives-credits\/\"]}]},{\"@type\":\"ImageObject\",\"inLanguage\":\"en-US\",\"@id\":\"https:\/\/www.augustines.ca\/en\/archives-credits\/#primaryimage\",\"url\":\"https:\/\/www.augustines.ca\/wp-content\/uploads\/2026\/03\/1-1024x683.png\",\"contentUrl\":\"https:\/\/www.augustines.ca\/wp-content\/uploads\/2026\/03\/1-1024x683.png\"},{\"@type\":\"BreadcrumbList\",\"@id\":\"https:\/\/www.augustines.ca\/en\/archives-credits\/#breadcrumb\",\"itemListElement\":[{\"@type\":\"ListItem\",\"position\":1,\"name\":\"Home\",\"item\":\"https:\/\/www.augustines.ca\/en\/\"},{\"@type\":\"ListItem\",\"position\":2,\"name\":\"Archives credits\"}]},{\"@type\":\"WebSite\",\"@id\":\"https:\/\/www.augustines.ca\/#website\",\"url\":\"https:\/\/www.augustines.ca\/\",\"name\":\"augustines\",\"description\":\"\",\"potentialAction\":[{\"@type\":\"SearchAction\",\"target\":{\"@type\":\"EntryPoint\",\"urlTemplate\":\"https:\/\/www.augustines.ca\/?s={search_term_string}\"},\"query-input\":{\"@type\":\"PropertyValueSpecification\",\"valueRequired\":true,\"valueName\":\"search_term_string\"}}],\"inLanguage\":\"en-US\"}]}<\/script>\n<!-- \/ Yoast SEO plugin. -->","yoast_head_json":{"title":"Archives credits - augustines","robots":{"index":"index","follow":"follow","max-snippet":"max-snippet:-1","max-image-preview":"max-image-preview:large","max-video-preview":"max-video-preview:-1"},"canonical":"https:\/\/www.augustines.ca\/en\/archives-credits\/","og_locale":"en_US","og_type":"article","og_title":"Archives credits - augustines","og_url":"https:\/\/www.augustines.ca\/en\/archives-credits\/","og_site_name":"augustines","article_modified_time":"2026-03-31T19:36:18+00:00","og_image":[{"width":1800,"height":1200,"url":"https:\/\/www.augustines.ca\/wp-content\/uploads\/2026\/03\/1.png","type":"image\/png"}],"twitter_card":"summary_large_image","twitter_misc":{"Est. reading time":"5 minutes"},"schema":{"@context":"https:\/\/schema.org","@graph":[{"@type":"WebPage","@id":"https:\/\/www.augustines.ca\/en\/archives-credits\/","url":"https:\/\/www.augustines.ca\/en\/archives-credits\/","name":"Archives credits - augustines","isPartOf":{"@id":"https:\/\/www.augustines.ca\/#website"},"primaryImageOfPage":{"@id":"https:\/\/www.augustines.ca\/en\/archives-credits\/#primaryimage"},"image":{"@id":"https:\/\/www.augustines.ca\/en\/archives-credits\/#primaryimage"},"thumbnailUrl":"https:\/\/www.augustines.ca\/wp-content\/uploads\/2026\/03\/1-1024x683.png","datePublished":"2026-03-16T20:35:44+00:00","dateModified":"2026-03-31T19:36:18+00:00","breadcrumb":{"@id":"https:\/\/www.augustines.ca\/en\/archives-credits\/#breadcrumb"},"inLanguage":"en-US","potentialAction":[{"@type":"ReadAction","target":["https:\/\/www.augustines.ca\/en\/archives-credits\/"]}]},{"@type":"ImageObject","inLanguage":"en-US","@id":"https:\/\/www.augustines.ca\/en\/archives-credits\/#primaryimage","url":"https:\/\/www.augustines.ca\/wp-content\/uploads\/2026\/03\/1-1024x683.png","contentUrl":"https:\/\/www.augustines.ca\/wp-content\/uploads\/2026\/03\/1-1024x683.png"},{"@type":"BreadcrumbList","@id":"https:\/\/www.augustines.ca\/en\/archives-credits\/#breadcrumb","itemListElement":[{"@type":"ListItem","position":1,"name":"Home","item":"https:\/\/www.augustines.ca\/en\/"},{"@type":"ListItem","position":2,"name":"Archives credits"}]},{"@type":"WebSite","@id":"https:\/\/www.augustines.ca\/#website","url":"https:\/\/www.augustines.ca\/","name":"augustines","description":"","potentialAction":[{"@type":"SearchAction","target":{"@type":"EntryPoint","urlTemplate":"https:\/\/www.augustines.ca\/?s={search_term_string}"},"query-input":{"@type":"PropertyValueSpecification","valueRequired":true,"valueName":"search_term_string"}}],"inLanguage":"en-US"}]}},"_links":{"self":[{"href":"https:\/\/www.augustines.ca\/en\/wp-json\/wp\/v2\/pages\/2632","targetHints":{"allow":["GET"]}}],"collection":[{"href":"https:\/\/www.augustines.ca\/en\/wp-json\/wp\/v2\/pages"}],"about":[{"href":"https:\/\/www.augustines.ca\/en\/wp-json\/wp\/v2\/types\/page"}],"author":[{"embeddable":true,"href":"https:\/\/www.augustines.ca\/en\/wp-json\/wp\/v2\/users\/8"}],"replies":[{"embeddable":true,"href":"https:\/\/www.augustines.ca\/en\/wp-json\/wp\/v2\/comments?post=2632"}],"version-history":[{"count":2,"href":"https:\/\/www.augustines.ca\/en\/wp-json\/wp\/v2\/pages\/2632\/revisions"}],"predecessor-version":[{"id":2718,"href":"https:\/\/www.augustines.ca\/en\/wp-json\/wp\/v2\/pages\/2632\/revisions\/2718"}],"wp:attachment":[{"href":"https:\/\/www.augustines.ca\/en\/wp-json\/wp\/v2\/media?parent=2632"}],"curies":[{"name":"wp","href":"https:\/\/api.w.org\/{rel}","templated":true}]}}