{"id":2520,"date":"2025-06-27T13:02:21","date_gmt":"2025-06-27T17:02:21","guid":{"rendered":"https:\/\/www.augustines.ca\/events-and-campaign\/loto-repit\/"},"modified":"2026-03-25T09:58:51","modified_gmt":"2026-03-25T13:58:51","slug":"loto-repit","status":"publish","type":"page","link":"https:\/\/www.augustines.ca\/en\/events-and-campaign\/loto-repit\/","title":{"rendered":"Loto-R\u00e9pit"},"content":{"rendered":"\t<div  class=\"item item--large component-block-structured-description\">\n\t\t<div class=\"container\">\n\t\t\t<div class=\"block-structured-description\">\n\t\t\t\t<div class=\"block-structured-description__image\">\n\t\t\t\t\t<img loading=\"lazy\" decoding=\"async\" width=\"2000\" height=\"1333\" src=\"https:\/\/www.augustines.ca\/wp-content\/uploads\/2026\/03\/Mission-sociale-figurant-004-e1772725421734.jpg\" class=\"attachment-ix_thumbnail_block_quote size-ix_thumbnail_block_quote\" alt=\"\" \/>\n\t\t\t\t<\/div>\n\n\t\t\t\t<div class=\"block-structured-description__content\">\n\t\t\t\t\t\t\t\t\t\t\t<div class=\"block-structured-description__heading\">\n\t\t\t\t\t\t\t\n\n\t\t\t\t\t\t\t<h4 class=\"h4\">Coming back in the fall of 2026<\/h4>\n\t\t\t\t\t\t<\/div>\n\t\t\t\t\t\n\t\t\t\t\t<div class=\"block-structured-description__description\">\n\t\t\t\t\t\t\t\t\t\t\t\t\t<div class=\"test\">\n\t\t\t\t\t\t\t\t<h4 class=\"h4\">Description<\/h4>\n\t\t\t\t\t\t\t\t<div class=\"wysiwyg\">\n\t\t\t\t\t\t\t\t\t<p>Loto-R\u00e9pit is an annual lottery held to the benefit of the respite program for caregivers at Le Monast\u00e8re des Augustines. It is open to all Quebec residents aged 18 and over.<\/p>\n\n\t\t\t\t\t\t\t\t<\/div>\n\t\t\t\t\t\t\t<\/div>\n\t\t\t\t\t\t\t\t\t\t\t\t\t<div class=\"test\">\n\t\t\t\t\t\t\t\t<h4 class=\"h4\">Why donating?<\/h4>\n\t\t\t\t\t\t\t\t<div class=\"wysiwyg\">\n\t\t\t\t\t\t\t\t\t<p>By participating in this raffle, you are directly contributing to providing respite for caregivers.<\/p>\n\n\t\t\t\t\t\t\t\t<\/div>\n\t\t\t\t\t\t\t<\/div>\n\t\t\t\t\t\t\t\t\t\t\t<\/div>\n\t\t\t\t<\/div>\n\t\t\t<\/div>\n\t\t<\/div>\n\t<\/div>\n\n\n\t<div  class=\"item item--medium component-block-call-to-action component-block-call-to-action--background\">\n\t\t<div class=\"container\">\n\t\t\t<div class=\"block-call-to-action \">\n\t\t\t\t<div class=\"block-call-to-action__content\">\n\t\t\t\t\t<div>\n\t\t\t\t\t\t<h3 class=\"h3\">How to participate to the Loto-R\u00e9pit?<\/h3>\n\n\t\t\t\t\t\t\t\t\t\t\t\t\t<div class=\"wysiwyg\">\n\t\t\t\t\t\t\t\t<p>For full details about the Loto-R\u00e9pit and the Fiducie du patrimoine culturel des Augustines&#8217; philanthropic activities, we invite you to subscribe to our newsletter.<\/p>\n\n\t\t\t\t\t\t\t<\/div>\n\t\t\t\t\t\t\t\t\t\t\t<\/div>\n\n\t\t\t\t\t\t\t\t\t\t\t<div class=\"button-group\">\n\t\t\t\t\t\t\t\t\t\t\t\t\t\t\t<a href=\"https:\/\/www.jedonneenligne.org\/lemonasteredesaugustines\/AINFO\/\" class=\"button button--primary\">\n\t\t\t\t\t\t\t\t\tSubscribe\n\t\t\t\t\t\t\t\t\t<svg aria-hidden=\"true\" focusable=\"false\">\n\t\t\t\t\t\t\t\t\t\t<use xlink:href=\"#ico-chevron-right-transparent\"><\/use>\n\t\t\t\t\t\t\t\t\t<\/svg>\n\t\t\t\t\t\t\t\t<\/a>\n\t\t\t\t\t\t\t\t\t\t\t\t\t<\/div>\n\t\t\t\t\t\t\t\t\t<\/div>\n\t\t\t\t<div class=\"block-call-to-action__image\">\n\t\t\t\t\t<figure class=\"figure--no-margin\">\n\t\t\t\t\t\t\t\t\t\t\t\t<img loading=\"lazy\" decoding=\"async\" width=\"2560\" height=\"1707\" src=\"https:\/\/www.augustines.ca\/wp-content\/uploads\/2026\/03\/42A5084-1-scaled.jpg\" class=\"attachment-ix_thumbnail_block_text_image size-ix_thumbnail_block_text_image\" alt=\"\" srcset=\"https:\/\/www.augustines.ca\/wp-content\/uploads\/2026\/03\/42A5084-1-scaled.jpg 2560w, https:\/\/www.augustines.ca\/wp-content\/uploads\/2026\/03\/42A5084-1-300x200.jpg 300w, https:\/\/www.augustines.ca\/wp-content\/uploads\/2026\/03\/42A5084-1-1024x683.jpg 1024w, https:\/\/www.augustines.ca\/wp-content\/uploads\/2026\/03\/42A5084-1-768x512.jpg 768w, https:\/\/www.augustines.ca\/wp-content\/uploads\/2026\/03\/42A5084-1-1536x1024.jpg 1536w, https:\/\/www.augustines.ca\/wp-content\/uploads\/2026\/03\/42A5084-1-2048x1365.jpg 2048w, https:\/\/www.augustines.ca\/wp-content\/uploads\/2026\/03\/42A5084-1-1400x933.jpg 1400w, https:\/\/www.augustines.ca\/wp-content\/uploads\/2026\/03\/42A5084-1-800x533.jpg 800w\" sizes=\"auto, (max-width: 2560px) 100vw, 2560px\" \/>\n\t\t\t\t\t<\/figure>\n\t\t\t\t<\/div>\n\t\t\t<\/div>\n\t\t<\/div>\n\t<\/div>\n\n\n\t<div  class=\"item item--large component-block-quote component-block-quote--no-photo\">\n\t\t<div class=\"block-quote\">\n\t\t\t<div class=\"container\">\n\t\t\t\t<blockquote class=\"block-quote__content\">\n\t\t\t\t\t<div class=\"block-quote__item\">\n\t\t\t\t\t\t<cite class=\"block-quote__item__details\">\n\t\t\t\t\t\t\t\n\n\t\t\t\t\t\t\t\t\t\t\t\t\t<\/cite>\n\t\t\t\t\t<\/div>\n\n\t\t\t\t\t<div class=\"block-quote__text wysiwyg\">\n\t\t\t\t\t\t<p>Although you didn\u2019t know me, I imagined that you were there for me, supporting me, and helping me continue my work as a social worker. I let myself be enveloped by the calm and the beauty (\u2026) I hold this experience close to my heart and by my bedside as a source of strength and healing.<\/p>\n<p>\u2013 Saleema Hutchinson, social worker<\/p>\n\n\t\t\t\t\t<\/div>\n\t\t\t\t<\/blockquote>\n\t\t\t<\/div>\n\t\t<\/div>\n\t<\/div>\n","protected":false},"excerpt":{"rendered":"","protected":false},"author":1,"featured_media":2523,"parent":2508,"menu_order":0,"comment_status":"closed","ping_status":"closed","template":"","meta":{"_acf_changed":false,"footnotes":""},"class_list":["post-2520","page","type-page","status-publish","has-post-thumbnail","hentry"],"acf":[],"yoast_head":"<!-- This site is optimized with the Yoast SEO plugin v25.5 - https:\/\/yoast.com\/wordpress\/plugins\/seo\/ -->\n<title>Loto-R\u00e9pit - augustines<\/title>\n<meta name=\"description\" content=\"\u202fLa Loto-R\u00e9pit est une loterie annuelle au profit du programme de r\u00e9pit pour proches aidants du Monast\u00e8re des Augustines.\" \/>\n<meta name=\"robots\" content=\"index, follow, max-snippet:-1, max-image-preview:large, max-video-preview:-1\" \/>\n<link rel=\"canonical\" href=\"https:\/\/www.augustines.ca\/en\/events-and-campaign\/loto-repit\/\" \/>\n<meta property=\"og:locale\" content=\"en_US\" \/>\n<meta property=\"og:type\" content=\"article\" \/>\n<meta property=\"og:title\" content=\"Loto-R\u00e9pit\" \/>\n<meta property=\"og:description\" content=\"\u202fLa Loto-R\u00e9pit est une loterie annuelle au profit du programme de r\u00e9pit pour proches aidants du Monast\u00e8re des Augustines.\" \/>\n<meta property=\"og:url\" content=\"https:\/\/www.augustines.ca\/en\/events-and-campaign\/loto-repit\/\" \/>\n<meta property=\"og:site_name\" content=\"augustines\" \/>\n<meta property=\"article:modified_time\" content=\"2026-03-25T13:58:51+00:00\" \/>\n<meta property=\"og:image\" content=\"https:\/\/www.augustines.ca\/wp-content\/uploads\/2026\/03\/Mission-sociale-figurant-004-1.jpg\" \/>\n\t<meta property=\"og:image:width\" content=\"2000\" \/>\n\t<meta property=\"og:image:height\" content=\"1333\" \/>\n\t<meta property=\"og:image:type\" content=\"image\/jpeg\" \/>\n<meta name=\"twitter:card\" content=\"summary_large_image\" \/>\n<meta name=\"twitter:label1\" content=\"Est. reading time\" \/>\n\t<meta name=\"twitter:data1\" content=\"1 minute\" \/>\n<script type=\"application\/ld+json\" class=\"yoast-schema-graph\">{\"@context\":\"https:\/\/schema.org\",\"@graph\":[{\"@type\":\"WebPage\",\"@id\":\"https:\/\/www.augustines.ca\/en\/events-and-campaign\/loto-repit\/\",\"url\":\"https:\/\/www.augustines.ca\/en\/events-and-campaign\/loto-repit\/\",\"name\":\"Loto-R\u00e9pit - augustines\",\"isPartOf\":{\"@id\":\"https:\/\/www.augustines.ca\/#website\"},\"primaryImageOfPage\":{\"@id\":\"https:\/\/www.augustines.ca\/en\/events-and-campaign\/loto-repit\/#primaryimage\"},\"image\":{\"@id\":\"https:\/\/www.augustines.ca\/en\/events-and-campaign\/loto-repit\/#primaryimage\"},\"thumbnailUrl\":\"https:\/\/www.augustines.ca\/wp-content\/uploads\/2026\/03\/Mission-sociale-figurant-004-1.jpg\",\"datePublished\":\"2025-06-27T17:02:21+00:00\",\"dateModified\":\"2026-03-25T13:58:51+00:00\",\"description\":\"\u202fLa Loto-R\u00e9pit est une loterie annuelle au profit du programme de r\u00e9pit pour proches aidants du Monast\u00e8re des Augustines.\",\"breadcrumb\":{\"@id\":\"https:\/\/www.augustines.ca\/en\/events-and-campaign\/loto-repit\/#breadcrumb\"},\"inLanguage\":\"en-US\",\"potentialAction\":[{\"@type\":\"ReadAction\",\"target\":[\"https:\/\/www.augustines.ca\/en\/events-and-campaign\/loto-repit\/\"]}]},{\"@type\":\"ImageObject\",\"inLanguage\":\"en-US\",\"@id\":\"https:\/\/www.augustines.ca\/en\/events-and-campaign\/loto-repit\/#primaryimage\",\"url\":\"https:\/\/www.augustines.ca\/wp-content\/uploads\/2026\/03\/Mission-sociale-figurant-004-1.jpg\",\"contentUrl\":\"https:\/\/www.augustines.ca\/wp-content\/uploads\/2026\/03\/Mission-sociale-figurant-004-1.jpg\",\"width\":2000,\"height\":1333},{\"@type\":\"BreadcrumbList\",\"@id\":\"https:\/\/www.augustines.ca\/en\/events-and-campaign\/loto-repit\/#breadcrumb\",\"itemListElement\":[{\"@type\":\"ListItem\",\"position\":1,\"name\":\"Home\",\"item\":\"https:\/\/www.augustines.ca\/en\/\"},{\"@type\":\"ListItem\",\"position\":2,\"name\":\"Events and campaigns\",\"item\":\"https:\/\/www.augustines.ca\/en\/events-and-campaign\/\"},{\"@type\":\"ListItem\",\"position\":3,\"name\":\"Loto-R\u00e9pit\"}]},{\"@type\":\"WebSite\",\"@id\":\"https:\/\/www.augustines.ca\/#website\",\"url\":\"https:\/\/www.augustines.ca\/\",\"name\":\"augustines\",\"description\":\"\",\"potentialAction\":[{\"@type\":\"SearchAction\",\"target\":{\"@type\":\"EntryPoint\",\"urlTemplate\":\"https:\/\/www.augustines.ca\/?s={search_term_string}\"},\"query-input\":{\"@type\":\"PropertyValueSpecification\",\"valueRequired\":true,\"valueName\":\"search_term_string\"}}],\"inLanguage\":\"en-US\"}]}<\/script>\n<!-- \/ Yoast SEO plugin. -->","yoast_head_json":{"title":"Loto-R\u00e9pit - augustines","description":"\u202fLa Loto-R\u00e9pit est une loterie annuelle au profit du programme de r\u00e9pit pour proches aidants du Monast\u00e8re des Augustines.","robots":{"index":"index","follow":"follow","max-snippet":"max-snippet:-1","max-image-preview":"max-image-preview:large","max-video-preview":"max-video-preview:-1"},"canonical":"https:\/\/www.augustines.ca\/en\/events-and-campaign\/loto-repit\/","og_locale":"en_US","og_type":"article","og_title":"Loto-R\u00e9pit","og_description":"\u202fLa Loto-R\u00e9pit est une loterie annuelle au profit du programme de r\u00e9pit pour proches aidants du Monast\u00e8re des Augustines.","og_url":"https:\/\/www.augustines.ca\/en\/events-and-campaign\/loto-repit\/","og_site_name":"augustines","article_modified_time":"2026-03-25T13:58:51+00:00","og_image":[{"width":2000,"height":1333,"url":"https:\/\/www.augustines.ca\/wp-content\/uploads\/2026\/03\/Mission-sociale-figurant-004-1.jpg","type":"image\/jpeg"}],"twitter_card":"summary_large_image","twitter_misc":{"Est. reading time":"1 minute"},"schema":{"@context":"https:\/\/schema.org","@graph":[{"@type":"WebPage","@id":"https:\/\/www.augustines.ca\/en\/events-and-campaign\/loto-repit\/","url":"https:\/\/www.augustines.ca\/en\/events-and-campaign\/loto-repit\/","name":"Loto-R\u00e9pit - augustines","isPartOf":{"@id":"https:\/\/www.augustines.ca\/#website"},"primaryImageOfPage":{"@id":"https:\/\/www.augustines.ca\/en\/events-and-campaign\/loto-repit\/#primaryimage"},"image":{"@id":"https:\/\/www.augustines.ca\/en\/events-and-campaign\/loto-repit\/#primaryimage"},"thumbnailUrl":"https:\/\/www.augustines.ca\/wp-content\/uploads\/2026\/03\/Mission-sociale-figurant-004-1.jpg","datePublished":"2025-06-27T17:02:21+00:00","dateModified":"2026-03-25T13:58:51+00:00","description":"\u202fLa Loto-R\u00e9pit est une loterie annuelle au profit du programme de r\u00e9pit pour proches aidants du Monast\u00e8re des Augustines.","breadcrumb":{"@id":"https:\/\/www.augustines.ca\/en\/events-and-campaign\/loto-repit\/#breadcrumb"},"inLanguage":"en-US","potentialAction":[{"@type":"ReadAction","target":["https:\/\/www.augustines.ca\/en\/events-and-campaign\/loto-repit\/"]}]},{"@type":"ImageObject","inLanguage":"en-US","@id":"https:\/\/www.augustines.ca\/en\/events-and-campaign\/loto-repit\/#primaryimage","url":"https:\/\/www.augustines.ca\/wp-content\/uploads\/2026\/03\/Mission-sociale-figurant-004-1.jpg","contentUrl":"https:\/\/www.augustines.ca\/wp-content\/uploads\/2026\/03\/Mission-sociale-figurant-004-1.jpg","width":2000,"height":1333},{"@type":"BreadcrumbList","@id":"https:\/\/www.augustines.ca\/en\/events-and-campaign\/loto-repit\/#breadcrumb","itemListElement":[{"@type":"ListItem","position":1,"name":"Home","item":"https:\/\/www.augustines.ca\/en\/"},{"@type":"ListItem","position":2,"name":"Events and campaigns","item":"https:\/\/www.augustines.ca\/en\/events-and-campaign\/"},{"@type":"ListItem","position":3,"name":"Loto-R\u00e9pit"}]},{"@type":"WebSite","@id":"https:\/\/www.augustines.ca\/#website","url":"https:\/\/www.augustines.ca\/","name":"augustines","description":"","potentialAction":[{"@type":"SearchAction","target":{"@type":"EntryPoint","urlTemplate":"https:\/\/www.augustines.ca\/?s={search_term_string}"},"query-input":{"@type":"PropertyValueSpecification","valueRequired":true,"valueName":"search_term_string"}}],"inLanguage":"en-US"}]}},"_links":{"self":[{"href":"https:\/\/www.augustines.ca\/en\/wp-json\/wp\/v2\/pages\/2520","targetHints":{"allow":["GET"]}}],"collection":[{"href":"https:\/\/www.augustines.ca\/en\/wp-json\/wp\/v2\/pages"}],"about":[{"href":"https:\/\/www.augustines.ca\/en\/wp-json\/wp\/v2\/types\/page"}],"author":[{"embeddable":true,"href":"https:\/\/www.augustines.ca\/en\/wp-json\/wp\/v2\/users\/1"}],"replies":[{"embeddable":true,"href":"https:\/\/www.augustines.ca\/en\/wp-json\/wp\/v2\/comments?post=2520"}],"version-history":[{"count":15,"href":"https:\/\/www.augustines.ca\/en\/wp-json\/wp\/v2\/pages\/2520\/revisions"}],"predecessor-version":[{"id":2696,"href":"https:\/\/www.augustines.ca\/en\/wp-json\/wp\/v2\/pages\/2520\/revisions\/2696"}],"up":[{"embeddable":true,"href":"https:\/\/www.augustines.ca\/en\/wp-json\/wp\/v2\/pages\/2508"}],"wp:featuredmedia":[{"embeddable":true,"href":"https:\/\/www.augustines.ca\/en\/wp-json\/wp\/v2\/media\/2523"}],"wp:attachment":[{"href":"https:\/\/www.augustines.ca\/en\/wp-json\/wp\/v2\/media?parent=2520"}],"curies":[{"name":"wp","href":"https:\/\/api.w.org\/{rel}","templated":true}]}}