{"id":2360,"date":"2025-07-18T11:26:19","date_gmt":"2025-07-18T15:26:19","guid":{"rendered":"https:\/\/www.augustines.ca\/gouvernance-et-direction-generale\/"},"modified":"2026-03-26T15:30:25","modified_gmt":"2026-03-26T19:30:25","slug":"governance-and-executive-management","status":"publish","type":"page","link":"https:\/\/www.augustines.ca\/en\/governance-and-executive-management\/","title":{"rendered":"Management and trustees"},"content":{"rendered":"\t<div  class=\"component-block-centered-content\" data-background-theme=\"white\">\n\t\t\t\t\n\n\t\t<div class=\"item item--large\">\n\t\t\t<div class=\"container\">\n\t\t\t\t<div class=\"block-centered-content\">\n\t\t\t\t\t<div class=\"block-centered-content__content\">\n\t\t\t\t\t\t<h3 class=\"h3\">Becoming a trustee<\/h3>\n\n\t\t\t\t\t\t\t\t\t\t\t\t\t<svg class=\"ornement-svg\" aria-hidden=\"true\" focusable=\"false\">\n\t\t\t\t\t\t\t\t<use xlink:href=\"#ico-ornement-separator\"><\/use>\n\t\t\t\t\t\t\t<\/svg>\n\t\t\t\t\t\t\n\t\t\t\t\t\t\t\t\t\t\t\t\t<div class=\"wysiwyg\">\n\t\t\t\t\t\t\t\t<p>A public benefit trust is a legal entity that allows trustees to be entrusted with the responsibility of protecting, managing, and transferring assets for the benefit of the community. It is a non-profit mission that serves the community. The Fiducie du patrimoine culturel des Augustines is a leading institution in the field of charitable trusts and heritage preservation.<\/p>\n<p>&nbsp;<\/p>\n<p>Trustees play an essential role, putting their expertise to work to conserve and promote a unique heritage. Trustees are appointed for a three-year term, renewable once, and serve on a voluntary basis. Anyone interested is invited to apply by sending their resume and a cover letter.<\/p>\n\n\t\t\t\t\t\t\t<\/div>\n\t\t\t\t\t\t\t\t\t\t\t<\/div>\n\n\t\t\t\t\t\t\t\t\t\t\t<div class=\"block-centered-content__non-mandatory-content\">\n\t\t\t\t\t\t\t<div class=\"block-centered-content__stats\">\n\t\t\t\t\t\t\t\t\n\n\t\t\t\t\t\t\t\t\t\t\t\t\t\t\t\t\t<div class=\"button-group\">\n\t\t\t\t\t\t\t\t\t\t\t\t\t\t\t\t\t\t\t\t\t<a href=\"https:\/\/www.augustines.ca\/en\/nous-joindre\/\" class=\"button button--secondary\">\n\t\t\t\t\t\t\t\t\t\t\t\tContact us\n\t\t\t\t\t\t\t\t\t\t\t<\/a>\n\t\t\t\t\t\t\t\t\t\t\t\t\t\t\t\t\t\t\t<\/div>\n\t\t\t\t\t\t\t\t\t\t\t\t\t\t\t<\/div>\n\t\t\t\t\t\t<\/div>\n\t\t\t\t\t\t\t\t\t<\/div>\n\t\t\t<\/div>\n\t\t<\/div>\n\t<\/div>\n\n","protected":false},"excerpt":{"rendered":"","protected":false},"author":1,"featured_media":939,"parent":0,"menu_order":0,"comment_status":"closed","ping_status":"closed","template":"template-team-members.php","meta":{"_acf_changed":false,"footnotes":""},"class_list":["post-2360","page","type-page","status-publish","has-post-thumbnail","hentry"],"acf":[],"yoast_head":"<!-- This site is optimized with the Yoast SEO plugin v25.5 - https:\/\/yoast.com\/wordpress\/plugins\/seo\/ -->\n<title>Management and trustees - augustines<\/title>\n<meta name=\"description\" content=\"Apprenez-en plus sur la gouvernance et la direction g\u00e9n\u00e9rale de la Fiducie du patrimoine culturel des Augustines.\" \/>\n<meta name=\"robots\" content=\"index, follow, max-snippet:-1, max-image-preview:large, max-video-preview:-1\" \/>\n<link rel=\"canonical\" href=\"https:\/\/www.augustines.ca\/en\/governance-and-executive-management\/\" \/>\n<meta property=\"og:locale\" content=\"en_US\" \/>\n<meta property=\"og:type\" content=\"article\" \/>\n<meta property=\"og:title\" content=\"\u00c9quipe et fiduciaires\" \/>\n<meta property=\"og:description\" content=\"Apprenez-en plus sur la gouvernance et la direction g\u00e9n\u00e9rale de la Fiducie du patrimoine culturel des Augustines.\" \/>\n<meta property=\"og:url\" content=\"https:\/\/www.augustines.ca\/en\/governance-and-executive-management\/\" \/>\n<meta property=\"og:site_name\" content=\"augustines\" \/>\n<meta property=\"article:modified_time\" content=\"2026-03-26T19:30:25+00:00\" \/>\n<meta property=\"og:image\" content=\"https:\/\/www.augustines.ca\/wp-content\/uploads\/2025\/09\/Logo-Fiducie.jpg\" \/>\n\t<meta property=\"og:image:width\" content=\"1320\" \/>\n\t<meta property=\"og:image:height\" content=\"880\" \/>\n\t<meta property=\"og:image:type\" content=\"image\/jpeg\" \/>\n<meta name=\"twitter:card\" content=\"summary_large_image\" \/>\n<meta name=\"twitter:label1\" content=\"Est. reading time\" \/>\n\t<meta name=\"twitter:data1\" content=\"1 minute\" \/>\n<script type=\"application\/ld+json\" class=\"yoast-schema-graph\">{\"@context\":\"https:\/\/schema.org\",\"@graph\":[{\"@type\":\"WebPage\",\"@id\":\"https:\/\/www.augustines.ca\/en\/governance-and-executive-management\/\",\"url\":\"https:\/\/www.augustines.ca\/en\/governance-and-executive-management\/\",\"name\":\"Management and trustees - augustines\",\"isPartOf\":{\"@id\":\"https:\/\/www.augustines.ca\/#website\"},\"primaryImageOfPage\":{\"@id\":\"https:\/\/www.augustines.ca\/en\/governance-and-executive-management\/#primaryimage\"},\"image\":{\"@id\":\"https:\/\/www.augustines.ca\/en\/governance-and-executive-management\/#primaryimage\"},\"thumbnailUrl\":\"https:\/\/www.augustines.ca\/wp-content\/uploads\/2025\/09\/Logo-Fiducie.jpg\",\"datePublished\":\"2025-07-18T15:26:19+00:00\",\"dateModified\":\"2026-03-26T19:30:25+00:00\",\"description\":\"Apprenez-en plus sur la gouvernance et la direction g\u00e9n\u00e9rale de la Fiducie du patrimoine culturel des Augustines.\",\"breadcrumb\":{\"@id\":\"https:\/\/www.augustines.ca\/en\/governance-and-executive-management\/#breadcrumb\"},\"inLanguage\":\"en-US\",\"potentialAction\":[{\"@type\":\"ReadAction\",\"target\":[\"https:\/\/www.augustines.ca\/en\/governance-and-executive-management\/\"]}]},{\"@type\":\"ImageObject\",\"inLanguage\":\"en-US\",\"@id\":\"https:\/\/www.augustines.ca\/en\/governance-and-executive-management\/#primaryimage\",\"url\":\"https:\/\/www.augustines.ca\/wp-content\/uploads\/2025\/09\/Logo-Fiducie.jpg\",\"contentUrl\":\"https:\/\/www.augustines.ca\/wp-content\/uploads\/2025\/09\/Logo-Fiducie.jpg\",\"width\":1320,\"height\":880},{\"@type\":\"BreadcrumbList\",\"@id\":\"https:\/\/www.augustines.ca\/en\/governance-and-executive-management\/#breadcrumb\",\"itemListElement\":[{\"@type\":\"ListItem\",\"position\":1,\"name\":\"Home\",\"item\":\"https:\/\/www.augustines.ca\/en\/\"},{\"@type\":\"ListItem\",\"position\":2,\"name\":\"Management and trustees\"}]},{\"@type\":\"WebSite\",\"@id\":\"https:\/\/www.augustines.ca\/#website\",\"url\":\"https:\/\/www.augustines.ca\/\",\"name\":\"augustines\",\"description\":\"\",\"potentialAction\":[{\"@type\":\"SearchAction\",\"target\":{\"@type\":\"EntryPoint\",\"urlTemplate\":\"https:\/\/www.augustines.ca\/?s={search_term_string}\"},\"query-input\":{\"@type\":\"PropertyValueSpecification\",\"valueRequired\":true,\"valueName\":\"search_term_string\"}}],\"inLanguage\":\"en-US\"}]}<\/script>\n<!-- \/ Yoast SEO plugin. -->","yoast_head_json":{"title":"Management and trustees - augustines","description":"Apprenez-en plus sur la gouvernance et la direction g\u00e9n\u00e9rale de la Fiducie du patrimoine culturel des Augustines.","robots":{"index":"index","follow":"follow","max-snippet":"max-snippet:-1","max-image-preview":"max-image-preview:large","max-video-preview":"max-video-preview:-1"},"canonical":"https:\/\/www.augustines.ca\/en\/governance-and-executive-management\/","og_locale":"en_US","og_type":"article","og_title":"\u00c9quipe et fiduciaires","og_description":"Apprenez-en plus sur la gouvernance et la direction g\u00e9n\u00e9rale de la Fiducie du patrimoine culturel des Augustines.","og_url":"https:\/\/www.augustines.ca\/en\/governance-and-executive-management\/","og_site_name":"augustines","article_modified_time":"2026-03-26T19:30:25+00:00","og_image":[{"width":1320,"height":880,"url":"https:\/\/www.augustines.ca\/wp-content\/uploads\/2025\/09\/Logo-Fiducie.jpg","type":"image\/jpeg"}],"twitter_card":"summary_large_image","twitter_misc":{"Est. reading time":"1 minute"},"schema":{"@context":"https:\/\/schema.org","@graph":[{"@type":"WebPage","@id":"https:\/\/www.augustines.ca\/en\/governance-and-executive-management\/","url":"https:\/\/www.augustines.ca\/en\/governance-and-executive-management\/","name":"Management and trustees - augustines","isPartOf":{"@id":"https:\/\/www.augustines.ca\/#website"},"primaryImageOfPage":{"@id":"https:\/\/www.augustines.ca\/en\/governance-and-executive-management\/#primaryimage"},"image":{"@id":"https:\/\/www.augustines.ca\/en\/governance-and-executive-management\/#primaryimage"},"thumbnailUrl":"https:\/\/www.augustines.ca\/wp-content\/uploads\/2025\/09\/Logo-Fiducie.jpg","datePublished":"2025-07-18T15:26:19+00:00","dateModified":"2026-03-26T19:30:25+00:00","description":"Apprenez-en plus sur la gouvernance et la direction g\u00e9n\u00e9rale de la Fiducie du patrimoine culturel des Augustines.","breadcrumb":{"@id":"https:\/\/www.augustines.ca\/en\/governance-and-executive-management\/#breadcrumb"},"inLanguage":"en-US","potentialAction":[{"@type":"ReadAction","target":["https:\/\/www.augustines.ca\/en\/governance-and-executive-management\/"]}]},{"@type":"ImageObject","inLanguage":"en-US","@id":"https:\/\/www.augustines.ca\/en\/governance-and-executive-management\/#primaryimage","url":"https:\/\/www.augustines.ca\/wp-content\/uploads\/2025\/09\/Logo-Fiducie.jpg","contentUrl":"https:\/\/www.augustines.ca\/wp-content\/uploads\/2025\/09\/Logo-Fiducie.jpg","width":1320,"height":880},{"@type":"BreadcrumbList","@id":"https:\/\/www.augustines.ca\/en\/governance-and-executive-management\/#breadcrumb","itemListElement":[{"@type":"ListItem","position":1,"name":"Home","item":"https:\/\/www.augustines.ca\/en\/"},{"@type":"ListItem","position":2,"name":"Management and trustees"}]},{"@type":"WebSite","@id":"https:\/\/www.augustines.ca\/#website","url":"https:\/\/www.augustines.ca\/","name":"augustines","description":"","potentialAction":[{"@type":"SearchAction","target":{"@type":"EntryPoint","urlTemplate":"https:\/\/www.augustines.ca\/?s={search_term_string}"},"query-input":{"@type":"PropertyValueSpecification","valueRequired":true,"valueName":"search_term_string"}}],"inLanguage":"en-US"}]}},"_links":{"self":[{"href":"https:\/\/www.augustines.ca\/en\/wp-json\/wp\/v2\/pages\/2360","targetHints":{"allow":["GET"]}}],"collection":[{"href":"https:\/\/www.augustines.ca\/en\/wp-json\/wp\/v2\/pages"}],"about":[{"href":"https:\/\/www.augustines.ca\/en\/wp-json\/wp\/v2\/types\/page"}],"author":[{"embeddable":true,"href":"https:\/\/www.augustines.ca\/en\/wp-json\/wp\/v2\/users\/1"}],"replies":[{"embeddable":true,"href":"https:\/\/www.augustines.ca\/en\/wp-json\/wp\/v2\/comments?post=2360"}],"version-history":[{"count":5,"href":"https:\/\/www.augustines.ca\/en\/wp-json\/wp\/v2\/pages\/2360\/revisions"}],"predecessor-version":[{"id":2704,"href":"https:\/\/www.augustines.ca\/en\/wp-json\/wp\/v2\/pages\/2360\/revisions\/2704"}],"wp:featuredmedia":[{"embeddable":true,"href":"https:\/\/www.augustines.ca\/en\/wp-json\/wp\/v2\/media\/939"}],"wp:attachment":[{"href":"https:\/\/www.augustines.ca\/en\/wp-json\/wp\/v2\/media?parent=2360"}],"curies":[{"name":"wp","href":"https:\/\/api.w.org\/{rel}","templated":true}]}}