{"id":2328,"date":"2025-06-27T12:58:34","date_gmt":"2025-06-27T16:58:34","guid":{"rendered":"https:\/\/www.augustines.ca\/role-et-missions\/"},"modified":"2026-03-27T06:30:52","modified_gmt":"2026-03-27T10:30:52","slug":"role-and-missions","status":"publish","type":"page","link":"https:\/\/www.augustines.ca\/en\/fiducie-du-patrimoine-culturel-des-augustines\/role-and-missions\/","title":{"rendered":"Role and missions"},"content":{"rendered":"\t<div  class=\"component-block-centered-content\" data-background-theme=\"blue\">\n\t\t\t\t\t\t\t<div class=\"component-block-centered-content__img-full-width\">\n\t\t\t\t<img loading=\"lazy\" decoding=\"async\" width=\"1440\" height=\"481\" src=\"https:\/\/www.augustines.ca\/wp-content\/uploads\/2025\/07\/img-full-width.png\" class=\"attachment-ix_thumbnail_block_text_image size-ix_thumbnail_block_text_image\" alt=\"\" srcset=\"https:\/\/www.augustines.ca\/wp-content\/uploads\/2025\/07\/img-full-width.png 1440w, https:\/\/www.augustines.ca\/wp-content\/uploads\/2025\/07\/img-full-width-300x100.png 300w, https:\/\/www.augustines.ca\/wp-content\/uploads\/2025\/07\/img-full-width-1024x342.png 1024w, https:\/\/www.augustines.ca\/wp-content\/uploads\/2025\/07\/img-full-width-768x257.png 768w, https:\/\/www.augustines.ca\/wp-content\/uploads\/2025\/07\/img-full-width-1400x468.png 1400w, https:\/\/www.augustines.ca\/wp-content\/uploads\/2025\/07\/img-full-width-800x267.png 800w\" sizes=\"auto, (max-width: 1440px) 100vw, 1440px\" \/>\n\t\t\t<\/div>\n\t\t\n\n\t\t<div class=\"item item--large\">\n\t\t\t<div class=\"container\">\n\t\t\t\t<div class=\"block-centered-content\">\n\t\t\t\t\t<div class=\"block-centered-content__content\">\n\t\t\t\t\t\t<h2 class=\"h2\">Role and missions<\/h2>\n\n\t\t\t\t\t\t\t\t\t\t\t\t\t<svg class=\"ornement-svg\" aria-hidden=\"true\" focusable=\"false\">\n\t\t\t\t\t\t\t\t<use xlink:href=\"#ico-ornement-separator-white\"><\/use>\n\t\t\t\t\t\t\t<\/svg>\n\t\t\t\t\t\t\n\t\t\t\t\t\t\t\t\t\t\t\t\t<div class=\"wysiwyg\">\n\t\t\t\t\t\t\t\t<p>The Fiducie du patrimoine culturel des Augustines plays a fundamental role in preserving the memory and legacy of the Augustinian Sisters. It protects not only their archives and collections, but also the founding monastery of the H\u00f4tel-Dieu de Qu\u00e9bec. In doing so, it preserves a unique heritage linked to the history of Quebec and its healthcare system.<\/p>\n\n\t\t\t\t\t\t\t<\/div>\n\t\t\t\t\t\t\t\t\t\t\t<\/div>\n\n\t\t\t\t\t\t\t\t\t<\/div>\n\t\t\t<\/div>\n\t\t<\/div>\n\t<\/div>\n\n\n\n\n\t<div  class=\"item item--large component-block-text-media\" data-background-theme=\"white\">\n\t\t<div class=\"container\">\n\t\t\t<div class=\"block-text-media \">\n\t\t\t\t<div class=\"block-text-media__content\">\n\t\t\t\t\t\n\t\t\t\t\t<div>\n\t\t\t\t\t\t<h2 class=\"h2\">Role of the Fiducie du patrimoine culturel des Augustines<\/h2>\n\n\t\t\t\t\t\t\t\t\t\t\t\t\t<div class=\"wysiwyg\">\n\t\t\t\t\t\t\t\t<p>The Fiducie du patrimoine culturel des Augustines ensures the preservation of the heritage entrusted to it. It supports fundraising and promotion for Le Monast\u00e8re des Augustines while ensuring philanthropic development. As the owner of the premises, the Fiducie also oversees the maintenance of this impressive historic site, thereby guaranteeing the sustainability of this precious heritage.<\/p>\n\n\t\t\t\t\t\t\t<\/div>\n\t\t\t\t\t\t\t\t\t\t\t<\/div>\n\n\t\t\t\t\t\n\t\t\t\t<\/div>\n\n\t\t\t\t\t\t\t\t\t<div class=\"block-media-text__image\">\n\n\n\t\t\t\t\t\t<div class=\"block-media-text__image-content\">\n\t\t\t\t\t\t\t\n\t\t\t\t\t\t\t<figure class=\"figure--no-margin\">\n\t\t\t\t\t\t\t\t\t\t\t\t\t\t\t\t<img loading=\"lazy\" decoding=\"async\" width=\"2560\" height=\"1920\" src=\"https:\/\/www.augustines.ca\/wp-content\/uploads\/2026\/02\/Entrees-remparts-01-10-scaled.jpeg\" class=\"attachment-ix_thumbnail_block_text_image size-ix_thumbnail_block_text_image\" alt=\"\" srcset=\"https:\/\/www.augustines.ca\/wp-content\/uploads\/2026\/02\/Entrees-remparts-01-10-scaled.jpeg 2560w, https:\/\/www.augustines.ca\/wp-content\/uploads\/2026\/02\/Entrees-remparts-01-10-300x225.jpeg 300w, https:\/\/www.augustines.ca\/wp-content\/uploads\/2026\/02\/Entrees-remparts-01-10-1024x768.jpeg 1024w, https:\/\/www.augustines.ca\/wp-content\/uploads\/2026\/02\/Entrees-remparts-01-10-768x576.jpeg 768w, https:\/\/www.augustines.ca\/wp-content\/uploads\/2026\/02\/Entrees-remparts-01-10-1536x1152.jpeg 1536w, https:\/\/www.augustines.ca\/wp-content\/uploads\/2026\/02\/Entrees-remparts-01-10-2048x1536.jpeg 2048w, https:\/\/www.augustines.ca\/wp-content\/uploads\/2026\/02\/Entrees-remparts-01-10-1400x1050.jpeg 1400w, https:\/\/www.augustines.ca\/wp-content\/uploads\/2026\/02\/Entrees-remparts-01-10-800x600.jpeg 800w\" sizes=\"auto, (max-width: 2560px) 100vw, 2560px\" \/>\n\n\t\t\t\t\t\t\t\t\t\t\t\t\t\t\t<\/figure>\n\n\t\t\t\t\t\t\t\t\t\t\t\t\t<\/div>\n\t\t\t\t\t<\/div>\n\t\t\t\t\t\t\t<\/div>\n\t\t<\/div>\n\t<\/div>\n\n\n\n\t<div  id=\"cultural-mission-en\"  class=\"item item--large component-block-text-media\" data-background-theme=\"green\">\n\t\t<div class=\"container\">\n\t\t\t<div class=\"block-text-media block-text-media--is-reverse\">\n\t\t\t\t<div class=\"block-text-media__content\">\n\t\t\t\t\t\n\t\t\t\t\t<div>\n\t\t\t\t\t\t<h2 class=\"h2\">Cultural mission<\/h2>\n\n\t\t\t\t\t\t\t\t\t\t\t\t\t<div class=\"wysiwyg\">\n\t\t\t\t\t\t\t\t<p>With a kilometer of archives and approximately 60,000 artifacts in its care, the Fiducie du patrimoine culturel des Augustines preserves a living memory of nearly four centuries of history. Through a museum, exhibitions, and an archives center maintained by Le Monast\u00e8re des Augustines, the Fiducie allows the public to discover the contribution of the Augustinian Sisters to Quebec&#8217;s healthcare system. This preservation work continues to pass on this collective memory.<\/p>\n\n\t\t\t\t\t\t\t<\/div>\n\t\t\t\t\t\t\t\t\t\t\t<\/div>\n\n\t\t\t\t\t\t\t\t\t\t\t<div class=\"button-group\">\n\t\t\t\t\t\t\t\t\t\t\t\t\t\t\t<a href=\"https:\/\/www.jedonneenligne.org\/lemonasteredesaugustines\/ARCHCOLLEC\/\" class=\"button button--primary\">\n\t\t\t\t\t\t\t\t\tDonate to the cultural mission\n\t\t\t\t\t\t\t\t<\/a>\n\t\t\t\t\t\t\t\t\t\t\t\t\t<\/div>\n\t\t\t\t\t\n\t\t\t\t<\/div>\n\n\t\t\t\t\t\t\t\t\t<div class=\"block-media-text__image\">\n\n\n\t\t\t\t\t\t<div class=\"block-media-text__image-content\">\n\t\t\t\t\t\t\t\n\t\t\t\t\t\t\t<figure class=\"figure--no-margin\">\n\t\t\t\t\t\t\t\t\t\t\t\t\t\t\t\t<img loading=\"lazy\" decoding=\"async\" width=\"450\" height=\"299\" src=\"https:\/\/www.augustines.ca\/wp-content\/uploads\/2025\/09\/Livres-anciens-04-2.jpg\" class=\"attachment-ix_thumbnail_block_text_image size-ix_thumbnail_block_text_image\" alt=\"\" srcset=\"https:\/\/www.augustines.ca\/wp-content\/uploads\/2025\/09\/Livres-anciens-04-2.jpg 450w, https:\/\/www.augustines.ca\/wp-content\/uploads\/2025\/09\/Livres-anciens-04-2-300x199.jpg 300w\" sizes=\"auto, (max-width: 450px) 100vw, 450px\" \/>\n\n\t\t\t\t\t\t\t\t\t\t\t\t\t\t\t<\/figure>\n\n\t\t\t\t\t\t\t\t\t\t\t\t\t<\/div>\n\t\t\t\t\t<\/div>\n\t\t\t\t\t\t\t<\/div>\n\t\t<\/div>\n\t<\/div>\n\n\n\n\t<div  id=\"social-mission-en\"  class=\"item item--large component-block-text-media\" data-background-theme=\"white\">\n\t\t<div class=\"container\">\n\t\t\t<div class=\"block-text-media \">\n\t\t\t\t<div class=\"block-text-media__content\">\n\t\t\t\t\t\n\t\t\t\t\t<div>\n\t\t\t\t\t\t<h2 class=\"h2\">Social mission<\/h2>\n\n\t\t\t\t\t\t\t\t\t\t\t\t\t<div class=\"wysiwyg\">\n\t\t\t\t\t\t\t\t<p>True to the intentions of the Augustinian Sisters, the Fiducie offers support and respite to caregivers, nursing staff, and those accompanying patients, thanks to donations generated by its philanthropic activities. This mission of hospitality carried out by the Augustinian Sisters continues today through the services offered by Le Monast\u00e8re des Augustines. This translates into comfortable accommodations at affordable rates, respite stays at reduced rates, services, and activities in a place conducive to rejuvenation.<\/p>\n\n\t\t\t\t\t\t\t<\/div>\n\t\t\t\t\t\t\t\t\t\t\t<\/div>\n\n\t\t\t\t\t\t\t\t\t\t\t<div class=\"button-group\">\n\t\t\t\t\t\t\t\t\t\t\t\t\t\t\t<a href=\"https:\/\/www.jedonneenligne.org\/lemonasteredesaugustines\/FONDSCOMPASSION\/\" class=\"button button--primary\">\n\t\t\t\t\t\t\t\t\tDonate to the social mission\n\t\t\t\t\t\t\t\t<\/a>\n\t\t\t\t\t\t\t\t\t\t\t\t\t<\/div>\n\t\t\t\t\t\n\t\t\t\t<\/div>\n\n\t\t\t\t\t\t\t\t\t<div class=\"block-media-text__image\">\n\n\n\t\t\t\t\t\t<div class=\"block-media-text__image-content\">\n\t\t\t\t\t\t\t\n\t\t\t\t\t\t\t<figure class=\"figure--no-margin\">\n\t\t\t\t\t\t\t\t\t\t\t\t\t\t\t\t<img loading=\"lazy\" decoding=\"async\" width=\"2000\" height=\"1333\" src=\"https:\/\/www.augustines.ca\/wp-content\/uploads\/2025\/11\/Mission-sociale-rencontre-010.jpg\" class=\"attachment-ix_thumbnail_block_text_image size-ix_thumbnail_block_text_image\" alt=\"\" srcset=\"https:\/\/www.augustines.ca\/wp-content\/uploads\/2025\/11\/Mission-sociale-rencontre-010.jpg 2000w, https:\/\/www.augustines.ca\/wp-content\/uploads\/2025\/11\/Mission-sociale-rencontre-010-300x200.jpg 300w, https:\/\/www.augustines.ca\/wp-content\/uploads\/2025\/11\/Mission-sociale-rencontre-010-1024x682.jpg 1024w, https:\/\/www.augustines.ca\/wp-content\/uploads\/2025\/11\/Mission-sociale-rencontre-010-768x512.jpg 768w, https:\/\/www.augustines.ca\/wp-content\/uploads\/2025\/11\/Mission-sociale-rencontre-010-1536x1024.jpg 1536w, https:\/\/www.augustines.ca\/wp-content\/uploads\/2025\/11\/Mission-sociale-rencontre-010-1400x933.jpg 1400w, https:\/\/www.augustines.ca\/wp-content\/uploads\/2025\/11\/Mission-sociale-rencontre-010-800x533.jpg 800w\" sizes=\"auto, (max-width: 2000px) 100vw, 2000px\" \/>\n\n\t\t\t\t\t\t\t\t\t\t\t\t\t\t\t<\/figure>\n\n\t\t\t\t\t\t\t\t\t\t\t\t\t<\/div>\n\t\t\t\t\t<\/div>\n\t\t\t\t\t\t\t<\/div>\n\t\t<\/div>\n\t<\/div>\n\n\n<div class=\"item wysiwyg component-paragraph\"  ><div class=\"container\">\n<p><\/p>\n<\/div><\/div>\n\n\t<div  class=\"component-block-centered-content\" data-background-theme=\"white\">\n\t\t\t\t\n\n\t\t<div class=\"item item--large\">\n\t\t\t<div class=\"container\">\n\t\t\t\t<div class=\"block-centered-content\">\n\t\t\t\t\t<div class=\"block-centered-content__content\">\n\t\t\t\t\t\t<h3 class=\"h2\">Le Monast\u00e8re: pillar of our mission of culture and hospitality<\/h3>\n\n\t\t\t\t\t\t\t\t\t\t\t\t\t<svg class=\"ornement-svg\" aria-hidden=\"true\" focusable=\"false\">\n\t\t\t\t\t\t\t\t<use xlink:href=\"#ico-ornement-separator\"><\/use>\n\t\t\t\t\t\t\t<\/svg>\n\t\t\t\t\t\t\n\t\t\t\t\t\t\t\t\t\t\t\t\t<div class=\"wysiwyg\">\n\t\t\t\t\t\t\t\t<p>Today, the Fiducie du patrimoine culturel des Augustines celebrates this heritage through Le Monast\u00e8re des Augustines. The Augustinian Sisters&#8217; wish to see their founding monastery become a living memorial is embodied in this new form of hospitality.<\/p>\n\n\t\t\t\t\t\t\t<\/div>\n\t\t\t\t\t\t\t\t\t\t\t<\/div>\n\n\t\t\t\t\t\t\t\t\t<\/div>\n\t\t\t<\/div>\n\t\t<\/div>\n\t<\/div>\n\n\n\n\t<div  class=\"item item--medium component-block-left-content\" data-background-theme=\"white\">\n\t\t<div class=\"container\">\n\t\t\t<div class=\"block-left-content block-left-content--image\">\n\t\t\t\t<div class=\"block-left-content__content\">\n\t\t\t\t\t<h3 class=\"h3\">Le Monast\u00e8re des Augustines<\/h3>\n\n\t\t\t\t\t\t\t\t\t\t\t<div class=\"wysiwyg\">\n\t\t\t\t\t\t\t<p>A haven of peace in the heart of Old Quebec, Le Monast\u00e8re des Augustines occupies the historic wings of the H\u00f4tel-Dieu de Qu\u00e9bec monastery. With its cultural and social mission, Le Monast\u00e8re des Augustines is the Fiducie\u2019s flagship project.<\/p>\n<p>As the site&#8217;s operations manager, Le Monast\u00e8re offers its guests a unique rejuvenating experience. This experience is expressed through a variety of activities and services: heritage hospitality, museum, services for caregivers and healthcare providers, cultural and wellness activities, mindful eating, boutique, massage therapy, and room rentals. All of these are gateways to an encounter with the history and values of the Augustinian Sisters.<\/p>\n\n\t\t\t\t\t\t<\/div>\n\t\t\t\t\t\t\t\t\t<\/div>\n\n\t\t\t\t\t\t\t\t\t<div class=\"block-left-content__buttons\">\n\t\t\t\t\t\t<div class=\"button-group\">\n\t\t\t\t\t\t\t\t\t\t\t\t\t\t\t<a href=\"https:\/\/monastere.ca\/en\/\" class=\"button button--secondary\">\n\t\t\t\t\t\t\t\t\tDiscover Le Monast\u00e8re\n\t\t\t\t\t\t\t\t<\/a>\n\t\t\t\t\t\t\t\t\t\t\t\t\t<\/div>\n\t\t\t\t\t<\/div>\n\t\t\t\t\t\t\t<\/div>\n\t\t<\/div>\n\t<\/div>\n\n\n\t<div class=\"item component-img-full-width\">\n\t\t<div class=\"block-img-full-width  block-img-full-width--is-center\">\n\n\t\t\t<img loading=\"lazy\" decoding=\"async\" width=\"2000\" height=\"733\" src=\"https:\/\/www.augustines.ca\/wp-content\/uploads\/2026\/02\/Entree-Charlevoix_Monastere.png\" class=\"attachment-ix_thumbnail_block_img_full_width size-ix_thumbnail_block_img_full_width\" alt=\"\" srcset=\"https:\/\/www.augustines.ca\/wp-content\/uploads\/2026\/02\/Entree-Charlevoix_Monastere.png 2000w, https:\/\/www.augustines.ca\/wp-content\/uploads\/2026\/02\/Entree-Charlevoix_Monastere-300x110.png 300w, https:\/\/www.augustines.ca\/wp-content\/uploads\/2026\/02\/Entree-Charlevoix_Monastere-1024x375.png 1024w, https:\/\/www.augustines.ca\/wp-content\/uploads\/2026\/02\/Entree-Charlevoix_Monastere-768x281.png 768w, https:\/\/www.augustines.ca\/wp-content\/uploads\/2026\/02\/Entree-Charlevoix_Monastere-1536x563.png 1536w, https:\/\/www.augustines.ca\/wp-content\/uploads\/2026\/02\/Entree-Charlevoix_Monastere-1400x513.png 1400w, https:\/\/www.augustines.ca\/wp-content\/uploads\/2026\/02\/Entree-Charlevoix_Monastere-800x293.png 800w\" sizes=\"auto, (max-width: 2000px) 100vw, 2000px\" \/>\n\n\t\t\t\n\t\t<\/div>\n\t<\/div>\n\n\n\n\t<div  class=\"item item--large component-block-text-media\" data-background-theme=\"white\">\n\t\t<div class=\"container\">\n\t\t\t<div class=\"block-text-media block-text-media--is-reverse\">\n\t\t\t\t<div class=\"block-text-media__content\">\n\t\t\t\t\t\n\t\t\t\t\t<div>\n\t\t\t\t\t\t<h3 class=\"h3\">Saint-Augustin wing<\/h3>\n\n\t\t\t\t\t\t\t\t\t\t\t\t\t<div class=\"wysiwyg\">\n\t\t\t\t\t\t\t\t<p>The Fiducie and Le Monast\u00e8re are collaborating on the conversion of the Saint-Augustin wing. This wing will be vacated in the coming years following the departure of the Augustinian Sisters. As the owner of the premises, the Fiducie&#8217;s mission is to redevelop this space for a new use. It will provide Le Monast\u00e8re with the means to strengthen and expand its social and cultural missions, in line with its current vocation.<\/p>\n\n\t\t\t\t\t\t\t<\/div>\n\t\t\t\t\t\t\t\t\t\t\t<\/div>\n\n\t\t\t\t\t\n\t\t\t\t<\/div>\n\n\t\t\t\t\t\t\t\t\t<div class=\"block-media-text__image\">\n\n\n\t\t\t\t\t\t<div class=\"block-media-text__image-content\">\n\t\t\t\t\t\t\t\n\t\t\t\t\t\t\t<figure class=\"figure--no-margin\">\n\t\t\t\t\t\t\t\t\t\t\t\t\t\t\t\t<img loading=\"lazy\" decoding=\"async\" width=\"900\" height=\"900\" src=\"https:\/\/www.augustines.ca\/wp-content\/uploads\/2026\/02\/Aile-St-Augustin-vue-DJI.png\" class=\"attachment-ix_thumbnail_block_text_image size-ix_thumbnail_block_text_image\" alt=\"\" srcset=\"https:\/\/www.augustines.ca\/wp-content\/uploads\/2026\/02\/Aile-St-Augustin-vue-DJI.png 900w, https:\/\/www.augustines.ca\/wp-content\/uploads\/2026\/02\/Aile-St-Augustin-vue-DJI-300x300.png 300w, https:\/\/www.augustines.ca\/wp-content\/uploads\/2026\/02\/Aile-St-Augustin-vue-DJI-150x150.png 150w, https:\/\/www.augustines.ca\/wp-content\/uploads\/2026\/02\/Aile-St-Augustin-vue-DJI-768x768.png 768w, https:\/\/www.augustines.ca\/wp-content\/uploads\/2026\/02\/Aile-St-Augustin-vue-DJI-800x800.png 800w\" sizes=\"auto, (max-width: 900px) 100vw, 900px\" \/>\n\n\t\t\t\t\t\t\t\t\t\t\t\t\t\t\t<\/figure>\n\n\t\t\t\t\t\t\t\t\t\t\t\t\t<\/div>\n\t\t\t\t\t<\/div>\n\t\t\t\t\t\t\t<\/div>\n\t\t<\/div>\n\t<\/div>\n\n\n\t<div  id=\"catherine-de-saint-augustin-center\"  class=\"item item--medium component-block-left-content\" data-background-theme=\"white\">\n\t\t<div class=\"container\">\n\t\t\t<div class=\"block-left-content\">\n\t\t\t\t<div class=\"block-left-content__content\">\n\t\t\t\t\t<h4 class=\"h4\">The Catherine-de-Saint-Augustin Center<\/h4>\n\n\t\t\t\t\t\t\t\t\t\t\t<div class=\"wysiwyg\">\n\t\t\t\t\t\t\t<p>The Catherine-de-Saint-Augustin Center is a place of spirituality, commemoration, and pilgrimage. Adjacent to the historic church of the H\u00f4tel-Dieu de Qu\u00e9bec monastery, it is dedicated to the memory of Marie-Catherine de Saint-Augustin, a prominent figure in Quebec&#8217;s religious history. The Fiducie du patrimoine culturel des Augustines supports its development, in accordance with the wishes expressed by the Augustinian Sisters\u2019 community.<\/p>\n\n\t\t\t\t\t\t<\/div>\n\t\t\t\t\t\t\t\t\t<\/div>\n\n\t\t\t\t\t\t\t\t\t<div class=\"block-left-content__buttons\">\n\t\t\t\t\t\t<div class=\"button-group\">\n\t\t\t\t\t\t\t\t\t\t\t\t\t\t\t<a href=\"https:\/\/centrecatherine.ca\/en\/\" class=\"button button--secondary\">\n\t\t\t\t\t\t\t\t\tDiscover the Center\n\t\t\t\t\t\t\t\t<\/a>\n\t\t\t\t\t\t\t\t\t\t\t\t\t<\/div>\n\t\t\t\t\t<\/div>\n\t\t\t\t\t\t\t<\/div>\n\t\t<\/div>\n\t<\/div>\n\n\n<div class=\"item wysiwyg component-paragraph\"  ><div class=\"container\">\n<p><\/p>\n<\/div><\/div>","protected":false},"excerpt":{"rendered":"","protected":false},"author":1,"featured_media":1832,"parent":2346,"menu_order":0,"comment_status":"closed","ping_status":"closed","template":"","meta":{"_acf_changed":false,"footnotes":""},"class_list":["post-2328","page","type-page","status-publish","has-post-thumbnail","hentry"],"acf":[],"yoast_head":"<!-- This site is optimized with the Yoast SEO plugin v25.5 - https:\/\/yoast.com\/wordpress\/plugins\/seo\/ -->\n<title>Role and missions - augustines<\/title>\n<meta name=\"description\" content=\"The Fiducie du patrimoine culturel des Augustines ensures the perpetuity of the heritage bequeathed by the Augustinian Sisters.\" \/>\n<meta name=\"robots\" content=\"index, follow, max-snippet:-1, max-image-preview:large, max-video-preview:-1\" \/>\n<link rel=\"canonical\" href=\"https:\/\/www.augustines.ca\/en\/fiducie-du-patrimoine-culturel-des-augustines\/role-and-missions\/\" \/>\n<meta property=\"og:locale\" content=\"en_US\" \/>\n<meta property=\"og:type\" content=\"article\" \/>\n<meta property=\"og:title\" content=\"R\u00f4le et missions de la Fiducie\" \/>\n<meta property=\"og:description\" content=\"The Fiducie du patrimoine culturel des Augustines ensures the perpetuity of the heritage bequeathed by the Augustinian Sisters.\" \/>\n<meta property=\"og:url\" content=\"https:\/\/www.augustines.ca\/en\/fiducie-du-patrimoine-culturel-des-augustines\/role-and-missions\/\" \/>\n<meta property=\"og:site_name\" content=\"augustines\" \/>\n<meta property=\"article:modified_time\" content=\"2026-03-27T10:30:52+00:00\" \/>\n<meta property=\"og:image\" content=\"https:\/\/www.augustines.ca\/wp-content\/uploads\/2026\/02\/musee_expo_permanente_Lyra_08.jpg\" \/>\n\t<meta property=\"og:image:width\" content=\"2000\" \/>\n\t<meta property=\"og:image:height\" content=\"1333\" \/>\n\t<meta property=\"og:image:type\" content=\"image\/jpeg\" \/>\n<meta name=\"twitter:card\" content=\"summary_large_image\" \/>\n<meta name=\"twitter:label1\" content=\"Est. reading time\" \/>\n\t<meta name=\"twitter:data1\" content=\"1 minute\" \/>\n<script type=\"application\/ld+json\" class=\"yoast-schema-graph\">{\"@context\":\"https:\/\/schema.org\",\"@graph\":[{\"@type\":\"WebPage\",\"@id\":\"https:\/\/www.augustines.ca\/en\/fiducie-du-patrimoine-culturel-des-augustines\/role-and-missions\/\",\"url\":\"https:\/\/www.augustines.ca\/en\/fiducie-du-patrimoine-culturel-des-augustines\/role-and-missions\/\",\"name\":\"Role and missions - augustines\",\"isPartOf\":{\"@id\":\"https:\/\/www.augustines.ca\/#website\"},\"primaryImageOfPage\":{\"@id\":\"https:\/\/www.augustines.ca\/en\/fiducie-du-patrimoine-culturel-des-augustines\/role-and-missions\/#primaryimage\"},\"image\":{\"@id\":\"https:\/\/www.augustines.ca\/en\/fiducie-du-patrimoine-culturel-des-augustines\/role-and-missions\/#primaryimage\"},\"thumbnailUrl\":\"https:\/\/www.augustines.ca\/wp-content\/uploads\/2026\/02\/musee_expo_permanente_Lyra_08.jpg\",\"datePublished\":\"2025-06-27T16:58:34+00:00\",\"dateModified\":\"2026-03-27T10:30:52+00:00\",\"description\":\"The Fiducie du patrimoine culturel des Augustines ensures the perpetuity of the heritage bequeathed by the Augustinian Sisters.\",\"breadcrumb\":{\"@id\":\"https:\/\/www.augustines.ca\/en\/fiducie-du-patrimoine-culturel-des-augustines\/role-and-missions\/#breadcrumb\"},\"inLanguage\":\"en-US\",\"potentialAction\":[{\"@type\":\"ReadAction\",\"target\":[\"https:\/\/www.augustines.ca\/en\/fiducie-du-patrimoine-culturel-des-augustines\/role-and-missions\/\"]}]},{\"@type\":\"ImageObject\",\"inLanguage\":\"en-US\",\"@id\":\"https:\/\/www.augustines.ca\/en\/fiducie-du-patrimoine-culturel-des-augustines\/role-and-missions\/#primaryimage\",\"url\":\"https:\/\/www.augustines.ca\/wp-content\/uploads\/2026\/02\/musee_expo_permanente_Lyra_08.jpg\",\"contentUrl\":\"https:\/\/www.augustines.ca\/wp-content\/uploads\/2026\/02\/musee_expo_permanente_Lyra_08.jpg\",\"width\":2000,\"height\":1333},{\"@type\":\"BreadcrumbList\",\"@id\":\"https:\/\/www.augustines.ca\/en\/fiducie-du-patrimoine-culturel-des-augustines\/role-and-missions\/#breadcrumb\",\"itemListElement\":[{\"@type\":\"ListItem\",\"position\":1,\"name\":\"Home\",\"item\":\"https:\/\/www.augustines.ca\/en\/\"},{\"@type\":\"ListItem\",\"position\":2,\"name\":\"The Fiducie\",\"item\":\"https:\/\/www.augustines.ca\/en\/fiducie-du-patrimoine-culturel-des-augustines\/\"},{\"@type\":\"ListItem\",\"position\":3,\"name\":\"Role and missions\"}]},{\"@type\":\"WebSite\",\"@id\":\"https:\/\/www.augustines.ca\/#website\",\"url\":\"https:\/\/www.augustines.ca\/\",\"name\":\"augustines\",\"description\":\"\",\"potentialAction\":[{\"@type\":\"SearchAction\",\"target\":{\"@type\":\"EntryPoint\",\"urlTemplate\":\"https:\/\/www.augustines.ca\/?s={search_term_string}\"},\"query-input\":{\"@type\":\"PropertyValueSpecification\",\"valueRequired\":true,\"valueName\":\"search_term_string\"}}],\"inLanguage\":\"en-US\"}]}<\/script>\n<!-- \/ Yoast SEO plugin. -->","yoast_head_json":{"title":"Role and missions - augustines","description":"The Fiducie du patrimoine culturel des Augustines ensures the perpetuity of the heritage bequeathed by the Augustinian Sisters.","robots":{"index":"index","follow":"follow","max-snippet":"max-snippet:-1","max-image-preview":"max-image-preview:large","max-video-preview":"max-video-preview:-1"},"canonical":"https:\/\/www.augustines.ca\/en\/fiducie-du-patrimoine-culturel-des-augustines\/role-and-missions\/","og_locale":"en_US","og_type":"article","og_title":"R\u00f4le et missions de la Fiducie","og_description":"The Fiducie du patrimoine culturel des Augustines ensures the perpetuity of the heritage bequeathed by the Augustinian Sisters.","og_url":"https:\/\/www.augustines.ca\/en\/fiducie-du-patrimoine-culturel-des-augustines\/role-and-missions\/","og_site_name":"augustines","article_modified_time":"2026-03-27T10:30:52+00:00","og_image":[{"width":2000,"height":1333,"url":"https:\/\/www.augustines.ca\/wp-content\/uploads\/2026\/02\/musee_expo_permanente_Lyra_08.jpg","type":"image\/jpeg"}],"twitter_card":"summary_large_image","twitter_misc":{"Est. reading time":"1 minute"},"schema":{"@context":"https:\/\/schema.org","@graph":[{"@type":"WebPage","@id":"https:\/\/www.augustines.ca\/en\/fiducie-du-patrimoine-culturel-des-augustines\/role-and-missions\/","url":"https:\/\/www.augustines.ca\/en\/fiducie-du-patrimoine-culturel-des-augustines\/role-and-missions\/","name":"Role and missions - augustines","isPartOf":{"@id":"https:\/\/www.augustines.ca\/#website"},"primaryImageOfPage":{"@id":"https:\/\/www.augustines.ca\/en\/fiducie-du-patrimoine-culturel-des-augustines\/role-and-missions\/#primaryimage"},"image":{"@id":"https:\/\/www.augustines.ca\/en\/fiducie-du-patrimoine-culturel-des-augustines\/role-and-missions\/#primaryimage"},"thumbnailUrl":"https:\/\/www.augustines.ca\/wp-content\/uploads\/2026\/02\/musee_expo_permanente_Lyra_08.jpg","datePublished":"2025-06-27T16:58:34+00:00","dateModified":"2026-03-27T10:30:52+00:00","description":"The Fiducie du patrimoine culturel des Augustines ensures the perpetuity of the heritage bequeathed by the Augustinian Sisters.","breadcrumb":{"@id":"https:\/\/www.augustines.ca\/en\/fiducie-du-patrimoine-culturel-des-augustines\/role-and-missions\/#breadcrumb"},"inLanguage":"en-US","potentialAction":[{"@type":"ReadAction","target":["https:\/\/www.augustines.ca\/en\/fiducie-du-patrimoine-culturel-des-augustines\/role-and-missions\/"]}]},{"@type":"ImageObject","inLanguage":"en-US","@id":"https:\/\/www.augustines.ca\/en\/fiducie-du-patrimoine-culturel-des-augustines\/role-and-missions\/#primaryimage","url":"https:\/\/www.augustines.ca\/wp-content\/uploads\/2026\/02\/musee_expo_permanente_Lyra_08.jpg","contentUrl":"https:\/\/www.augustines.ca\/wp-content\/uploads\/2026\/02\/musee_expo_permanente_Lyra_08.jpg","width":2000,"height":1333},{"@type":"BreadcrumbList","@id":"https:\/\/www.augustines.ca\/en\/fiducie-du-patrimoine-culturel-des-augustines\/role-and-missions\/#breadcrumb","itemListElement":[{"@type":"ListItem","position":1,"name":"Home","item":"https:\/\/www.augustines.ca\/en\/"},{"@type":"ListItem","position":2,"name":"The Fiducie","item":"https:\/\/www.augustines.ca\/en\/fiducie-du-patrimoine-culturel-des-augustines\/"},{"@type":"ListItem","position":3,"name":"Role and missions"}]},{"@type":"WebSite","@id":"https:\/\/www.augustines.ca\/#website","url":"https:\/\/www.augustines.ca\/","name":"augustines","description":"","potentialAction":[{"@type":"SearchAction","target":{"@type":"EntryPoint","urlTemplate":"https:\/\/www.augustines.ca\/?s={search_term_string}"},"query-input":{"@type":"PropertyValueSpecification","valueRequired":true,"valueName":"search_term_string"}}],"inLanguage":"en-US"}]}},"_links":{"self":[{"href":"https:\/\/www.augustines.ca\/en\/wp-json\/wp\/v2\/pages\/2328","targetHints":{"allow":["GET"]}}],"collection":[{"href":"https:\/\/www.augustines.ca\/en\/wp-json\/wp\/v2\/pages"}],"about":[{"href":"https:\/\/www.augustines.ca\/en\/wp-json\/wp\/v2\/types\/page"}],"author":[{"embeddable":true,"href":"https:\/\/www.augustines.ca\/en\/wp-json\/wp\/v2\/users\/1"}],"replies":[{"embeddable":true,"href":"https:\/\/www.augustines.ca\/en\/wp-json\/wp\/v2\/comments?post=2328"}],"version-history":[{"count":16,"href":"https:\/\/www.augustines.ca\/en\/wp-json\/wp\/v2\/pages\/2328\/revisions"}],"predecessor-version":[{"id":2710,"href":"https:\/\/www.augustines.ca\/en\/wp-json\/wp\/v2\/pages\/2328\/revisions\/2710"}],"up":[{"embeddable":true,"href":"https:\/\/www.augustines.ca\/en\/wp-json\/wp\/v2\/pages\/2346"}],"wp:featuredmedia":[{"embeddable":true,"href":"https:\/\/www.augustines.ca\/en\/wp-json\/wp\/v2\/media\/1832"}],"wp:attachment":[{"href":"https:\/\/www.augustines.ca\/en\/wp-json\/wp\/v2\/media?parent=2328"}],"curies":[{"name":"wp","href":"https:\/\/api.w.org\/{rel}","templated":true}]}}